{"id":11539,"date":"2026-02-06T16:53:00","date_gmt":"2026-02-06T16:53:00","guid":{"rendered":"https:\/\/staging.carmowood.com\/produtos\/bois-scie-de-pin-des-pyrenees-non-traite\/"},"modified":"2026-02-06T16:53:00","modified_gmt":"2026-02-06T16:53:00","slug":"bois-scie-de-pin-des-pyrenees-non-traite","status":"publish","type":"product","link":"https:\/\/staging.carmowood.com\/fr\/produtos\/bois-scie-de-pin-des-pyrenees-non-traite\/","title":{"rendered":"Bois sci\u00e9 de pin des Pyr\u00e9n\u00e9es non trait\u00e9"},"content":{"rendered":"","protected":false},"excerpt":{"rendered":"","protected":false},"featured_media":7167,"parent":0,"menu_order":13004,"template":"","product_cat":[237,243,262,222],"class_list":["post-11539","product","type-product","status-publish","has-post-thumbnail","hentry","product_cat-bois","product_cat-bois-et-accessoires","product_cat-bois-scie","product_cat-carmoform"],"acf":[],"_links":{"self":[{"href":"https:\/\/staging.carmowood.com\/fr\/wp-json\/wp\/v2\/product\/11539","targetHints":{"allow":["GET"]}}],"collection":[{"href":"https:\/\/staging.carmowood.com\/fr\/wp-json\/wp\/v2\/product"}],"about":[{"href":"https:\/\/staging.carmowood.com\/fr\/wp-json\/wp\/v2\/types\/product"}],"version-history":[{"count":0,"href":"https:\/\/staging.carmowood.com\/fr\/wp-json\/wp\/v2\/product\/11539\/revisions"}],"wp:featuredmedia":[{"embeddable":true,"href":"https:\/\/staging.carmowood.com\/fr\/wp-json\/wp\/v2\/media\/7167"}],"wp:attachment":[{"href":"https:\/\/staging.carmowood.com\/fr\/wp-json\/wp\/v2\/media?parent=11539"}],"wp:term":[{"taxonomy":"product_cat","embeddable":true,"href":"https:\/\/staging.carmowood.com\/fr\/wp-json\/wp\/v2\/product_cat?post=11539"}],"curies":[{"name":"wp","href":"https:\/\/api.w.org\/{rel}","templated":true}]}}