{"id":11522,"date":"2026-02-06T17:18:22","date_gmt":"2026-02-06T17:18:22","guid":{"rendered":"https:\/\/staging.carmowood.com\/produtos\/vis-a-tete-fraisee-torx-en-acier-inoxydable-a2-pecol\/"},"modified":"2026-02-06T17:18:22","modified_gmt":"2026-02-06T17:18:22","slug":"vis-a-tete-fraisee-torx-en-acier-inoxydable-a2-pecol","status":"publish","type":"product","link":"https:\/\/staging.carmowood.com\/fr\/produtos\/vis-a-tete-fraisee-torx-en-acier-inoxydable-a2-pecol\/","title":{"rendered":"Vis \u00e0 t\u00eate frais\u00e9e torx en acier inoxydable A2 pecol"},"content":{"rendered":"","protected":false},"excerpt":{"rendered":"","protected":false},"featured_media":7267,"parent":0,"menu_order":13019,"template":"","product_cat":[246,237,243,222],"class_list":["post-11522","product","type-product","status-publish","has-post-thumbnail","hentry","product_cat-accessoires","product_cat-bois","product_cat-bois-et-accessoires","product_cat-carmoform"],"acf":[],"_links":{"self":[{"href":"https:\/\/staging.carmowood.com\/fr\/wp-json\/wp\/v2\/product\/11522","targetHints":{"allow":["GET"]}}],"collection":[{"href":"https:\/\/staging.carmowood.com\/fr\/wp-json\/wp\/v2\/product"}],"about":[{"href":"https:\/\/staging.carmowood.com\/fr\/wp-json\/wp\/v2\/types\/product"}],"version-history":[{"count":0,"href":"https:\/\/staging.carmowood.com\/fr\/wp-json\/wp\/v2\/product\/11522\/revisions"}],"wp:featuredmedia":[{"embeddable":true,"href":"https:\/\/staging.carmowood.com\/fr\/wp-json\/wp\/v2\/media\/7267"}],"wp:attachment":[{"href":"https:\/\/staging.carmowood.com\/fr\/wp-json\/wp\/v2\/media?parent=11522"}],"wp:term":[{"taxonomy":"product_cat","embeddable":true,"href":"https:\/\/staging.carmowood.com\/fr\/wp-json\/wp\/v2\/product_cat?post=11522"}],"curies":[{"name":"wp","href":"https:\/\/api.w.org\/{rel}","templated":true}]}}