{"id":11020,"date":"2026-02-03T11:13:43","date_gmt":"2026-02-03T11:13:43","guid":{"rendered":"https:\/\/staging.carmowood.com\/produtos\/parc-medieval-marvao\/"},"modified":"2026-02-03T11:13:43","modified_gmt":"2026-02-03T11:13:43","slug":"parc-medieval-marvao","status":"publish","type":"product","link":"https:\/\/staging.carmowood.com\/fr\/produtos\/parc-medieval-marvao\/","title":{"rendered":"Parc M\u00e9di\u00e9val &#8211; Marv\u00e3o"},"content":{"rendered":"","protected":false},"excerpt":{"rendered":"","protected":false},"featured_media":6102,"parent":0,"menu_order":12003,"template":"","product_cat":[357,222,366,287],"class_list":["post-11020","product","type-product","status-publish","has-post-thumbnail","hentry","product_cat-aires-de-jeux","product_cat-carmoform","product_cat-medieval-park","product_cat-mobilier-et-equipements-dexterieur"],"acf":[],"_links":{"self":[{"href":"https:\/\/staging.carmowood.com\/fr\/wp-json\/wp\/v2\/product\/11020","targetHints":{"allow":["GET"]}}],"collection":[{"href":"https:\/\/staging.carmowood.com\/fr\/wp-json\/wp\/v2\/product"}],"about":[{"href":"https:\/\/staging.carmowood.com\/fr\/wp-json\/wp\/v2\/types\/product"}],"version-history":[{"count":0,"href":"https:\/\/staging.carmowood.com\/fr\/wp-json\/wp\/v2\/product\/11020\/revisions"}],"wp:featuredmedia":[{"embeddable":true,"href":"https:\/\/staging.carmowood.com\/fr\/wp-json\/wp\/v2\/media\/6102"}],"wp:attachment":[{"href":"https:\/\/staging.carmowood.com\/fr\/wp-json\/wp\/v2\/media?parent=11020"}],"wp:term":[{"taxonomy":"product_cat","embeddable":true,"href":"https:\/\/staging.carmowood.com\/fr\/wp-json\/wp\/v2\/product_cat?post=11020"}],"curies":[{"name":"wp","href":"https:\/\/api.w.org\/{rel}","templated":true}]}}