{"id":9289,"date":"2025-12-18T09:51:08","date_gmt":"2025-12-18T09:51:08","guid":{"rendered":"https:\/\/staging.carmowood.com\/carmowood\/projets-finances\/projets-finances-centro2020\/"},"modified":"2026-02-23T17:47:36","modified_gmt":"2026-02-23T17:47:36","slug":"projets-finances-centro2020","status":"publish","type":"page","link":"https:\/\/staging.carmowood.com\/fr\/carmowood\/projets-finances\/projets-finances-centro2020\/","title":{"rendered":"Projets Financ\u00e9s Centro2020"},"content":{"rendered":"\n<h3 class=\"wp-block-heading\"><strong>Augmentation de la capacit\u00e9 de production gr\u00e2ce \u00e0 l&#8217;innovation et \u00e0 l&#8217;optimisation des processus<\/strong><\/h3>\n\n\n\n<p><strong>D\u00e9signation du projet: <\/strong>Augmentation de la capacit\u00e9 de production gr\u00e2ce \u00e0 l&#8217;innovation et \u00e0 l&#8217;optimisation des processus<br><strong>Code du projet<\/strong>: CENTRO-02-0853-FEDER-072194<br><strong>Objectif principal<\/strong>: Renforcer la comp\u00e9titivit\u00e9 des petites et moyennes entreprises<br><strong>R\u00e9gion d&#8217;intervention:<\/strong> PO Centro<br><strong>Entit\u00e9 b\u00e9n\u00e9ficiaire:<\/strong> CARMO ESTRUTURAS EM MADEIRA S.A.<\/p>\n\n\n\n<p><strong>Date d&#8217;approbation:<\/strong> 07-01-2021<br><strong>Date de d\u00e9but:<\/strong> 18-01-2021<br><strong>Date d&#8217;ach\u00e8vement:<\/strong> 17-01-2023<br><strong>Co\u00fbt total \u00e9ligible:<\/strong> 1.820.365,00 \u20ac<br><strong>Soutien financier de l&#8217;Union europ\u00e9enne:<\/strong> FEDER \u2013 546.109,50 \u20ac<\/p>\n\n\n\n<p>Dans le cadre du pr\u00e9sent projet, Carmo Estruturas em Madeira a pour objectif de d\u00e9velopper un nouveau produit trait\u00e9 comme pour les bois d&#8217;ext\u00e9rieur, mais qui s&#8217;applique aux bois d&#8217;int\u00e9rieur (parquet). Ce nouveau produit pourra \u00eatre pr\u00e9sent\u00e9 avec des traitements effectu\u00e9s en vert, marron ou incolore (traitements apr\u00e8s production) ou sans aucun traitement.<\/p>\n\n\n\n<p>L&#8217;objectif est d&#8217;atteindre, au cours de l&#8217;ann\u00e9e suivant le projet, une valeur ajout\u00e9e brute de 13 150 596,71 \u20ac, une valeur ajout\u00e9e nette de 3 360 182,55 \u20ac et 15 emplois hautement qualifi\u00e9s.<\/p>\n\n\n\n<div class=\"wp-block-kobu-custom-blocks-responsive-spacer responsive-spacer size-large\"><\/div>\n\n\n\n<h3 class=\"wp-block-heading\">Tech4Timber .: Technologies pour l&#8217;optimisation de l&#8217;utilisation du bois \u00e0 des fins structurelles<\/h3>\n\n\n\n<p><strong>Nom du projet:<\/strong> Tech4Timber .: Technologies pour l&#8217;optimisation de l&#8217;utilisation du bois \u00e0 des fins structurelles<br><strong>Code du projet:<\/strong> POCI-01-0247-FEDER-038357<br><strong>Objectif principal: <\/strong>Renforcer la recherche, le d\u00e9veloppement technologique et l&#8217;innovation<br><strong>Entit\u00e9 b\u00e9n\u00e9ficiaire:<\/strong> CARMO ESTRUTURAS EM MADEIRA S.A.<\/p>\n\n\n\n<p><strong>Date d&#8217;approbation:<\/strong> 2018\/10\/24<br><strong>Date de d\u00e9but:<\/strong> 2019\/02\/01<br><strong>Date d&#8217;ach\u00e8vement:<\/strong> 2020\/07\/31<br><strong>Co\u00fbt total \u00e9ligible:<\/strong> 192 378,30 \u20ac<br><strong>Co\u00fbt \u00e9ligible (promoteur principal):<\/strong> 69 465,00 \u20ac<br><strong>Soutien financier de l&#8217;Union europ\u00e9enne:<\/strong> 126 917,48 \u20ac<br><strong>Soutien financier de l&#8217;Union europ\u00e9enne (promoteur principal): <\/strong>34 732,50 \u20ac<\/p>\n\n\n\n<p>Le projet Tech4Timber vise \u00e0 d\u00e9montrer les avantages commerciaux et \u00e9conomiques de l&#8217;adoption de deux technologies avanc\u00e9es de soutien au processus de production et au produit pour les industries qui utilisent le bois de pin sylvestre (Pinus pinaster Ait.) dans la construction : classification m\u00e9canique du bois \u00e0 des fins structurelles ; tra\u00e7abilit\u00e9 des produits gr\u00e2ce \u00e0 une technologie de l&#8217;information et de la  communication bas\u00e9e sur des identifiants fonctionnant par radiofr\u00e9quence.<\/p>\n\n\n\n<div class=\"wp-block-kobu-custom-blocks-responsive-spacer responsive-spacer size-large\"><\/div>\n","protected":false},"excerpt":{"rendered":"<p>Augmentation de la capacit\u00e9 de production gr\u00e2ce \u00e0 l&#8217;innovation et \u00e0 l&#8217;optimisation des processus D\u00e9signation du projet: Augmentation de la capacit\u00e9 de production gr\u00e2ce \u00e0 [&hellip;]<\/p>\n","protected":false},"author":1,"featured_media":0,"parent":9161,"menu_order":0,"comment_status":"closed","ping_status":"closed","template":"templates\/funded_projects_detail.php","meta":{"_acf_changed":false,"inline_featured_image":false,"footnotes":""},"class_list":["post-9289","page","type-page","status-publish","hentry"],"acf":[],"_links":{"self":[{"href":"https:\/\/staging.carmowood.com\/fr\/wp-json\/wp\/v2\/pages\/9289","targetHints":{"allow":["GET"]}}],"collection":[{"href":"https:\/\/staging.carmowood.com\/fr\/wp-json\/wp\/v2\/pages"}],"about":[{"href":"https:\/\/staging.carmowood.com\/fr\/wp-json\/wp\/v2\/types\/page"}],"author":[{"embeddable":true,"href":"https:\/\/staging.carmowood.com\/fr\/wp-json\/wp\/v2\/users\/1"}],"replies":[{"embeddable":true,"href":"https:\/\/staging.carmowood.com\/fr\/wp-json\/wp\/v2\/comments?post=9289"}],"version-history":[{"count":3,"href":"https:\/\/staging.carmowood.com\/fr\/wp-json\/wp\/v2\/pages\/9289\/revisions"}],"predecessor-version":[{"id":9303,"href":"https:\/\/staging.carmowood.com\/fr\/wp-json\/wp\/v2\/pages\/9289\/revisions\/9303"}],"up":[{"embeddable":true,"href":"https:\/\/staging.carmowood.com\/fr\/wp-json\/wp\/v2\/pages\/9161"}],"wp:attachment":[{"href":"https:\/\/staging.carmowood.com\/fr\/wp-json\/wp\/v2\/media?parent=9289"}],"curies":[{"name":"wp","href":"https:\/\/api.w.org\/{rel}","templated":true}]}}