{"id":10610,"date":"2025-12-10T15:26:39","date_gmt":"2025-12-10T15:26:39","guid":{"rendered":"https:\/\/staging.carmowood.com\/durabilite\/"},"modified":"2026-02-26T11:44:53","modified_gmt":"2026-02-26T11:44:53","slug":"durabilite","status":"publish","type":"page","link":"https:\/\/staging.carmowood.com\/fr\/carmoform\/durabilite\/","title":{"rendered":"Durabilit\u00e9"},"content":{"rendered":"\n<div class=\"wp-block-kobu-custom-blocks-section-wrapper alignfull kobu-section has-text-color has-background-color has-background has-brown-background-color  wood-parallax parallax-04 has-link-color wp-elements-bb28f88658bb8112ca04aad5d09d17c9\">\n<div class=\"wp-block-kobu-custom-blocks-responsive-spacer responsive-spacer size-medium\"><\/div><br>\n\n\n\n<p class=\"has-text-align-center has-playfair-display-font-family has-extra-large-font-size\">Construire avec du bois, un choix \u00e0 fort impact.<\/p>\n\n\n\n<div class=\"wp-block-kobu-custom-blocks-responsive-spacer responsive-spacer size-large\"><\/div><br>\n<\/div>\n<noscript class=\"loading-lazy\">\n<figure class=\"wp-block-image alignfull size-full\"><img loading=\"lazy\" decoding=\"async\" width=\"1920\" height=\"1080\" src=\"https:\/\/staging.carmowood.com\/files\/uploads\/2026\/02\/Carmo_Mondego_drone-4.webp\" alt=\"Birds-eye view of a valley in the mondego river\" class=\"wp-image-7974\" srcset=\"https:\/\/staging.carmowood.com\/files\/uploads\/2026\/02\/Carmo_Mondego_drone-4.webp 1920w, https:\/\/staging.carmowood.com\/files\/uploads\/2026\/02\/Carmo_Mondego_drone-4-300x169.webp 300w, https:\/\/staging.carmowood.com\/files\/uploads\/2026\/02\/Carmo_Mondego_drone-4-1024x576.webp 1024w, https:\/\/staging.carmowood.com\/files\/uploads\/2026\/02\/Carmo_Mondego_drone-4-768x432.webp 768w, https:\/\/staging.carmowood.com\/files\/uploads\/2026\/02\/Carmo_Mondego_drone-4-1536x864.webp 1536w\" sizes=\"auto, (max-width: 1920px) 100vw, 1920px\" \/><\/figure>\n<\/noscript>\n<div class=\"wp-block-kobu-custom-blocks-responsive-spacer responsive-spacer size-medium\"><\/div><br>\n\n<div class=\"wp-block-columns alignmedium is-layout-flex wp-container-core-columns-is-layout-9d6595d7 wp-block-columns-is-layout-flex\">\n<div class=\"wp-block-column is-layout-flow wp-block-column-is-layout-flow\">\n<p>Chez CarmoForm, la durabilit\u00e9 est bien plus qu\u2019un engagement : c\u2019est une pratique concr\u00e8te int\u00e9gr\u00e9e \u00e0 chaque \u00e9tape de notre processus de production. Nous utilisons exclusivement du bois certifi\u00e9, issu de for\u00eats g\u00e9r\u00e9es de mani\u00e8re responsable, et d\u00e9tenons les certifications FSC\u00ae et PEFC\u2122, garantes du respect des normes environnementales et sociales les plus strictes.<\/p>\n\n\n\n<p>Rien ne se perd. Tous les r\u00e9sidus de bois sont valoris\u00e9s. Les \u00e9corces sont utilis\u00e9es dans l\u2019am\u00e9nagement paysager, tandis que la sciure et les copeaux servent de biomasse pour les s\u00e9choirs, les granul\u00e9s, les liti\u00e8res pour animaux ou encore comme mati\u00e8re premi\u00e8re pour la fabrication de panneaux agglom\u00e9r\u00e9s. Cette logique de r\u00e9utilisation contribue \u00e0 une gestion plus efficace des ressources et \u00e0 une r\u00e9duction de notre empreinte environnementale.<\/p>\n<\/div>\n\n\n\n<div class=\"wp-block-column is-layout-flow wp-block-column-is-layout-flow\">\n<p>Le bois est un mat\u00e9riau naturel, renouvelable, r\u00e9utilisable et recyclable. Contrairement \u00e0 des mat\u00e9riaux comme le b\u00e9ton ou l\u2019acier, tr\u00e8s \u00e9nergivores et fortement \u00e9metteurs de carbone, le bois a la capacit\u00e9 de stocker du carbone tout au long de sa dur\u00e9e de vie.<\/p>\n\n\n\n<p>Chaque tonne de bois permettrait de capter environ 2 tonnes de CO\u2082 de l\u2019atmosph\u00e8re. On estime qu\u2019un m\u00e8tre cube de bois peut emmagasiner environ 0,9 tonne de CO\u2082. Des \u00e9tudes internationales montrent \u00e9galement que remplacer des mat\u00e9riaux traditionnels par du bois durable peut r\u00e9duire les \u00e9missions de 30 \u00e0 50 %.<\/p>\n<\/div>\n\n\n\n<div class=\"wp-block-column is-layout-flow wp-block-column-is-layout-flow\">\n<p>Les solutions constructives d\u00e9velopp\u00e9es par CarmoForm permettent de cr\u00e9er des b\u00e2timents plus efficaces, plus rapides \u00e0 construire et avec une empreinte \u00e9cologique nettement inf\u00e9rieure.<\/p>\n\n\n\n<p>La l\u00e9g\u00e8ret\u00e9 des composants et la pr\u00e9cision des syst\u00e8mes pr\u00e9fabriqu\u00e9s permettent de r\u00e9duire la consommation \u00e9nerg\u00e9tique, les d\u00e9chets de chantier et les nuisances sonores. Nous sommes engag\u00e9s dans une nouvelle mani\u00e8re de construire, plus consciente, plus propre et pleinement align\u00e9e sur les Objectifs de D\u00e9veloppement Durable des Nations Unies.<\/p>\n\n\n\n<p>Nos pratiques contribuent directement \u00e0 la promotion de la sant\u00e9 et du bien-\u00eatre, \u00e0 l\u2019innovation responsable, \u00e0 la consommation durable et \u00e0 la r\u00e9silience des villes.<\/p>\n<\/div>\n<\/div>\n\n<div class=\"wp-block-kobu-custom-blocks-responsive-spacer responsive-spacer size-large\"><\/div><br>\n\n<h2 class=\"wp-block-heading alignwide\"><strong><strong>Des engagements pour un avenir durable<\/strong><\/strong><\/h2>\n\n<div class=\"wp-block-kobu-custom-blocks-inner-content-img media-content-group child-item align-right valign-start img-first alignextrawide\"><div class=\"media-col\"><figure><img loading=\"lazy\" decoding=\"async\" width=\"1920\" height=\"1080\" class=\"wp-image-7970\" src=\"https:\/\/staging.carmowood.com\/files\/uploads\/2026\/02\/Carmo_Mondego_drone1.webp\" alt=\"Birds-eye view of a valley in the mondego river\" title=\"Sustentabilidade 3\" sizes=\"auto, (min-width: 1201px) 35vw, (min-width: 601px) 50vw, 100vw\" srcset=\"https:\/\/staging.carmowood.com\/files\/uploads\/2026\/02\/Carmo_Mondego_drone1.webp 1920w, https:\/\/staging.carmowood.com\/files\/uploads\/2026\/02\/Carmo_Mondego_drone1-300x169.webp 300w, https:\/\/staging.carmowood.com\/files\/uploads\/2026\/02\/Carmo_Mondego_drone1-1024x576.webp 1024w, https:\/\/staging.carmowood.com\/files\/uploads\/2026\/02\/Carmo_Mondego_drone1-768x432.webp 768w, https:\/\/staging.carmowood.com\/files\/uploads\/2026\/02\/Carmo_Mondego_drone1-1536x864.webp 1536w\" \/><\/figure><\/div><div class=\"content-col\"><div class=\"content-col-wrapper\">\n<p>\u00c0 partir de 2026, CarmoForm prendra des engagements clairs, progressifs et v\u00e9rifiables, renfor\u00e7ant sa vision strat\u00e9gique en mati\u00e8re de durabilit\u00e9. Entre 2026 et 2027, nous approfondirons l\u2019analyse de notre empreinte environnementale, en mettant l\u2019accent sur la consommation d\u2019\u00e9nergie, les \u00e9missions li\u00e9es aux processus de production et l\u2019utilisation responsable des ressources naturelles.<\/p>\n\n\n\n<p>Dans ce cadre, nous r\u00e9aliserons des Analyses du Cycle de Vie (ACV ou LCA) de nos produits pour le secteur de la construction bois. Ces \u00e9valuations seront men\u00e9es en toute transparence, avec une d\u00e9finition claire du p\u00e9rim\u00e8tre et des hypoth\u00e8ses m\u00e9thodologiques, afin de garantir une information fiable sur les performances environnementales de nos produits.<\/p>\n\n\n\n<p>Parall\u00e8lement, nous continuerons \u00e0 investir dans l\u2019am\u00e9lioration de l\u2019efficacit\u00e9 de nos processus industriels, dans le renforcement de la tra\u00e7abilit\u00e9 du bois tout au long de la cha\u00eene de valeur, et dans la formation de nos \u00e9quipes aux bonnes pratiques environnementales. Notre objectif est de pr\u00e9parer une communication rigoureuse, bas\u00e9e sur des donn\u00e9es techniques et conforme aux standards internationaux de la durabilit\u00e9.<\/p>\n<\/div><\/div><\/div>\n\n<div class=\"wp-block-kobu-custom-blocks-responsive-spacer responsive-spacer size-large\"><\/div><br>\n\n<div class=\"wp-block-kobu-custom-blocks-section-wrapper alignfull kobu-section has-text-color has-foreground-color has-background has-formlight-background-color has-link-color wp-elements-d2598208cc635feed949d20850e2dc34\">\n<div class=\"wp-block-kobu-custom-blocks-responsive-spacer responsive-spacer size-large\"><\/div><br>\n\n\n\n<h2 class=\"wp-block-heading alignwide\">Construire l\u2019avenir avec responsabilit\u00e9<\/h2>\n\n\n\n<div class=\"wp-block-columns alignmediumsmall is-layout-flex wp-container-core-columns-is-layout-9d6595d7 wp-block-columns-is-layout-flex\">\n<div class=\"wp-block-column is-layout-flow wp-block-column-is-layout-flow\">\n<p class=\"has-playfair-display-font-family has-medium-font-size\">Choisir le bois, c\u2019est choisir un avenir meilleur.<\/p>\n<\/div>\n\n\n\n<div class=\"wp-block-column is-layout-flow wp-block-column-is-layout-flow\">\n<p>Chez CarmoForm, nous croyons que l\u2019avenir se construit avec responsabilit\u00e9. Et nous l\u2019imaginons construit avec du bois. Une ressource qui respecte l\u2019environnement, favorise une \u00e9conomie \u00e0 faible impact et soutient la transition vers des mod\u00e8les constructifs plus durables.<\/p>\n<\/div>\n<\/div>\n\n\n\n<div class=\"wp-block-kobu-custom-blocks-responsive-spacer responsive-spacer size-large\"><\/div><br>\n<\/div>\n","protected":false},"excerpt":{"rendered":"<p>Chez CarmoForm, la durabilit\u00e9 est bien plus qu\u2019un engagement : c\u2019est une pratique concr\u00e8te int\u00e9gr\u00e9e \u00e0 chaque \u00e9tape de notre processus de production. Nous utilisons [&hellip;]<\/p>\n","protected":false},"author":1,"featured_media":7980,"parent":10853,"menu_order":1002,"comment_status":"closed","ping_status":"closed","template":"templates\/centered_title.php","meta":{"_acf_changed":false,"inline_featured_image":false,"footnotes":""},"class_list":["post-10610","page","type-page","status-publish","has-post-thumbnail","hentry"],"acf":[],"_links":{"self":[{"href":"https:\/\/staging.carmowood.com\/fr\/wp-json\/wp\/v2\/pages\/10610","targetHints":{"allow":["GET"]}}],"collection":[{"href":"https:\/\/staging.carmowood.com\/fr\/wp-json\/wp\/v2\/pages"}],"about":[{"href":"https:\/\/staging.carmowood.com\/fr\/wp-json\/wp\/v2\/types\/page"}],"author":[{"embeddable":true,"href":"https:\/\/staging.carmowood.com\/fr\/wp-json\/wp\/v2\/users\/1"}],"replies":[{"embeddable":true,"href":"https:\/\/staging.carmowood.com\/fr\/wp-json\/wp\/v2\/comments?post=10610"}],"version-history":[{"count":3,"href":"https:\/\/staging.carmowood.com\/fr\/wp-json\/wp\/v2\/pages\/10610\/revisions"}],"predecessor-version":[{"id":11474,"href":"https:\/\/staging.carmowood.com\/fr\/wp-json\/wp\/v2\/pages\/10610\/revisions\/11474"}],"up":[{"embeddable":true,"href":"https:\/\/staging.carmowood.com\/fr\/wp-json\/wp\/v2\/pages\/10853"}],"wp:featuredmedia":[{"embeddable":true,"href":"https:\/\/staging.carmowood.com\/fr\/wp-json\/wp\/v2\/media\/7980"}],"wp:attachment":[{"href":"https:\/\/staging.carmowood.com\/fr\/wp-json\/wp\/v2\/media?parent=10610"}],"curies":[{"name":"wp","href":"https:\/\/api.w.org\/{rel}","templated":true}]}}