{"id":10368,"date":"2025-12-10T15:26:37","date_gmt":"2025-12-10T15:26:37","guid":{"rendered":"https:\/\/staging.carmowood.com\/carmofarm\/exploitation-forestiere-et-durabilite\/"},"modified":"2026-02-26T11:41:37","modified_gmt":"2026-02-26T11:41:37","slug":"exploitation-forestiere-et-durabilite","status":"publish","type":"page","link":"https:\/\/staging.carmowood.com\/fr\/carmofarm\/exploitation-forestiere-et-durabilite\/","title":{"rendered":"Exploitation Foresti\u00e8re Et Durabilit\u00e9"},"content":{"rendered":"\n<div class=\"wp-block-kobu-custom-blocks-section-wrapper alignfull kobu-section has-text-color has-background-color has-background has-brown-background-color  wood-parallax parallax-04 has-link-color wp-elements-9fb992ec40af1887e75834ce3e45e0c5\">\n<div class=\"wp-block-kobu-custom-blocks-responsive-spacer responsive-spacer size-medium\"><\/div><br>\n\n\n\n<p class=\"has-text-align-center has-playfair-display-font-family has-extra-large-font-size\">\u201c\u00a0Une for\u00eat, un arbre, une structure\u00a0\u201d<\/p>\n\n\n\n<div class=\"wp-block-kobu-custom-blocks-responsive-spacer responsive-spacer size-large\"><\/div><br>\n<\/div>\n<noscript class=\"loading-lazy\">\n<figure class=\"wp-block-image alignfull size-full\"><img loading=\"lazy\" decoding=\"async\" width=\"1280\" height=\"847\" src=\"https:\/\/staging.carmowood.com\/files\/uploads\/2026\/02\/DSC_0042.webp\" alt=\"\" class=\"wp-image-7706\" srcset=\"https:\/\/staging.carmowood.com\/files\/uploads\/2026\/02\/DSC_0042.webp 1280w, https:\/\/staging.carmowood.com\/files\/uploads\/2026\/02\/DSC_0042-300x199.webp 300w, https:\/\/staging.carmowood.com\/files\/uploads\/2026\/02\/DSC_0042-1024x678.webp 1024w, https:\/\/staging.carmowood.com\/files\/uploads\/2026\/02\/DSC_0042-768x508.webp 768w\" sizes=\"auto, (max-width: 1280px) 100vw, 1280px\" \/><\/figure>\n<\/noscript>\n<div class=\"wp-block-kobu-custom-blocks-responsive-spacer responsive-spacer size-medium\"><\/div><br>\n\n<div class=\"wp-block-columns alignmedium is-layout-flex wp-container-core-columns-is-layout-9d6595d7 wp-block-columns-is-layout-flex\">\n<div class=\"wp-block-column is-layout-flow wp-block-column-is-layout-flow\">\n<p>Qu\u2019il s\u2019agisse des premi\u00e8res cabanes construites par les civilisations anciennes ou des structures d\u2019ing\u00e9nierie en bois les plus complexes et modernes, ce mat\u00e9riau de construction a travers\u00e9 le temps.<\/p>\n\n\n\n<p>Certaines structures anciennes en bois, encore existantes aujourd\u2019hui, t\u00e9moignent de leur durabilit\u00e9 et de leur r\u00e9sistance au fil des si\u00e8cles.<\/p>\n<\/div>\n\n\n\n<div class=\"wp-block-column is-layout-flow wp-block-column-is-layout-flow\">\n<p>C\u2019est une mati\u00e8re premi\u00e8re qui nous relie directement \u00e0 la nature.<\/p>\n\n\n\n<p>Ce lien intrins\u00e8que avec l\u2019environnement naturel est l\u2019une des raisons pour lesquelles le bois demeure si appr\u00e9ci\u00e9 dans le design contemporain, procurant une sensation de calme et de proximit\u00e9 avec la nature, m\u00eame en milieu urbain.<\/p>\n<\/div>\n\n\n\n<div class=\"wp-block-column is-layout-flow wp-block-column-is-layout-flow\">\n<p>Par ailleurs, dans un monde de plus en plus soucieux de la durabilit\u00e9 et de l\u2019impact environnemental, le bois se distingue des autres solutions.<\/p>\n<\/div>\n<\/div>\n\n<div class=\"wp-block-kobu-custom-blocks-responsive-spacer responsive-spacer size-large\"><\/div><br>\n\n<h2 class=\"wp-block-heading alignwide\"><strong><strong>Le Bois<\/strong><\/strong><\/h2>\n\n<div class=\"wp-block-kobu-custom-blocks-inner-content-img media-content-group child-item align-right valign-start img-first alignextrawide\"><div class=\"media-col\"><figure><img loading=\"lazy\" decoding=\"async\" width=\"1920\" height=\"1280\" class=\"wp-image-7792\" src=\"https:\/\/staging.carmowood.com\/files\/uploads\/2026\/02\/DSCF0933.webp\" alt=\"\" title=\"DSCF0933\" sizes=\"auto, (min-width: 1201px) 35vw, (min-width: 601px) 50vw, 100vw\" srcset=\"https:\/\/staging.carmowood.com\/files\/uploads\/2026\/02\/DSCF0933.webp 1920w, https:\/\/staging.carmowood.com\/files\/uploads\/2026\/02\/DSCF0933-300x200.webp 300w, https:\/\/staging.carmowood.com\/files\/uploads\/2026\/02\/DSCF0933-1024x683.webp 1024w, https:\/\/staging.carmowood.com\/files\/uploads\/2026\/02\/DSCF0933-768x512.webp 768w, https:\/\/staging.carmowood.com\/files\/uploads\/2026\/02\/DSCF0933-1536x1024.webp 1536w\" \/><\/figure><\/div><div class=\"content-col\"><div class=\"content-col-wrapper\">\n<p>Le bois est bien plus qu\u2019un simple mat\u00e9riau de construction.<\/p>\n\n\n\n<p>Il est un pont entre le pass\u00e9 et l\u2019avenir, entre la nature et l\u2019Homme, entre la tradition et l\u2019innovation.<\/p>\n\n\n\n<p>En choisissant le bois pour vos projets, vous n\u2019optez pas seulement pour un mat\u00e9riau, mais aussi pour un h\u00e9ritage de valeur, de durabilit\u00e9 et de beaut\u00e9.<\/p>\n<\/div><\/div><\/div>\n","protected":false},"excerpt":{"rendered":"<p>Qu\u2019il s\u2019agisse des premi\u00e8res cabanes construites par les civilisations anciennes ou des structures d\u2019ing\u00e9nierie en bois les plus complexes et modernes, ce mat\u00e9riau de construction [&hellip;]<\/p>\n","protected":false},"author":1,"featured_media":7790,"parent":9886,"menu_order":1002,"comment_status":"closed","ping_status":"closed","template":"templates\/centered_title.php","meta":{"_acf_changed":false,"inline_featured_image":false,"footnotes":""},"class_list":["post-10368","page","type-page","status-publish","has-post-thumbnail","hentry"],"acf":[],"_links":{"self":[{"href":"https:\/\/staging.carmowood.com\/fr\/wp-json\/wp\/v2\/pages\/10368","targetHints":{"allow":["GET"]}}],"collection":[{"href":"https:\/\/staging.carmowood.com\/fr\/wp-json\/wp\/v2\/pages"}],"about":[{"href":"https:\/\/staging.carmowood.com\/fr\/wp-json\/wp\/v2\/types\/page"}],"author":[{"embeddable":true,"href":"https:\/\/staging.carmowood.com\/fr\/wp-json\/wp\/v2\/users\/1"}],"replies":[{"embeddable":true,"href":"https:\/\/staging.carmowood.com\/fr\/wp-json\/wp\/v2\/comments?post=10368"}],"version-history":[{"count":1,"href":"https:\/\/staging.carmowood.com\/fr\/wp-json\/wp\/v2\/pages\/10368\/revisions"}],"predecessor-version":[{"id":10369,"href":"https:\/\/staging.carmowood.com\/fr\/wp-json\/wp\/v2\/pages\/10368\/revisions\/10369"}],"up":[{"embeddable":true,"href":"https:\/\/staging.carmowood.com\/fr\/wp-json\/wp\/v2\/pages\/9886"}],"wp:featuredmedia":[{"embeddable":true,"href":"https:\/\/staging.carmowood.com\/fr\/wp-json\/wp\/v2\/media\/7790"}],"wp:attachment":[{"href":"https:\/\/staging.carmowood.com\/fr\/wp-json\/wp\/v2\/media?parent=10368"}],"curies":[{"name":"wp","href":"https:\/\/api.w.org\/{rel}","templated":true}]}}