{"id":9676,"date":"2025-12-18T18:08:45","date_gmt":"2025-12-18T18:08:45","guid":{"rendered":"https:\/\/staging.carmowood.com\/carmowood\/proyectos-financiados\/proyectos-financiados-lisboa2020\/"},"modified":"2026-02-24T12:02:00","modified_gmt":"2026-02-24T12:02:00","slug":"proyectos-financiados-lisboa2020","status":"publish","type":"page","link":"https:\/\/staging.carmowood.com\/es\/carmowood\/proyectos-financiados\/proyectos-financiados-lisboa2020\/","title":{"rendered":"Proyectos Financiados Lisboa2020"},"content":{"rendered":"\n<h3 class=\"wp-block-heading\"><strong>Refuerzo internacional de AMC respaldado por nuevos productos altamente innovadores<\/strong><\/h3>\n\n<p><strong>Denominaci\u00f3n del proyecto<\/strong>: Refuerzo internacional de AMC respaldado por nuevos productos altamente innovadores<br\/><strong>C\u00f3digo del proyecto<\/strong>: LISBOA-02-0752-FEDER-071254<br\/><strong>Objetivo principal<\/strong>: Reforzar la competitividad de las pymes<br\/><strong>Regi\u00f3n de intervenci\u00f3n<\/strong>: PO Lisboa<br\/><strong>Entidad beneficiaria<\/strong>: A. MILNE CARMO S.A.<\/p>\n\n<p><strong>Fecha de aprobaci\u00f3n<\/strong>: 28-04-2021<br\/><strong>Fecha de inicio<\/strong>: 01-09-2021<br\/><strong>Fecha de finalizaci\u00f3n<\/strong>: 30-06-2023<br\/><strong>Coste total subvencionable<\/strong>: 310 063,21 \u20ac<br\/><strong>Ayuda financiera de la Uni\u00f3n Europea<\/strong>: FEDER \u2013 111 967,80 \u20ac<\/p>\n\n<div class=\"wp-block-kobu-custom-blocks-responsive-spacer responsive-spacer size-medium\"><\/div><br>\n\n<h4 class=\"wp-block-heading\">Objetivos, actividades y resultados esperados\/alcanzados<\/h4>\n\n<p>El presente proyecto, centrado en la expansi\u00f3n internacional de la empresa, contempl\u00f3 la inversi\u00f3n en acciones de prospecci\u00f3n para diferentes mercados, la participaci\u00f3n como expositor en diversas ferias relevantes en el \u00e1rea de actuaci\u00f3n, la contrataci\u00f3n de dos t\u00e9cnicos cualificados para dar apoyo al plan estrat\u00e9gico delineado en el \u00e1mbito de la operaci\u00f3n, as\u00ed como la presencia en la web y la creaci\u00f3n de contenidos. Con ello, AMC alcanz\u00f3 y super\u00f3 el objetivo contractual al alcanzar, en el a\u00f1o posterior al proyecto (2024), una tasa de exportaci\u00f3n del 38,70 %.<\/p>\n\n<div class=\"wp-block-kobu-custom-blocks-responsive-spacer responsive-spacer size-large\"><\/div><br>\n\n<h3 class=\"wp-block-heading\">Proyectos individuales: cualificaci\u00f3n de las pymes<\/h3>\n\n<p><strong>Denominaci\u00f3n del proyecto<\/strong>: Proyectos individuales-Cualificaci\u00f3n de las PYME<br\/><strong>C\u00f3digo del proyecto<\/strong>: 02-0853-FEDER-00882<br\/><strong>Objetivo principal<\/strong>: Reforzar la competitividad de las PYME<br\/><strong>Regi\u00f3n de intervenci\u00f3n<\/strong>: Lisboa<br\/><strong>Entidad beneficiaria<\/strong>: A. MILNE CARMO S.A.<\/p>\n\n<p><strong>Fecha de aprobaci\u00f3n<\/strong>: 30-10-2015<br\/><strong>Fecha de inicio<\/strong>: 30-04-2015<br\/><strong>Fecha de finalizaci\u00f3n<\/strong>: 29-04-2017<br\/><strong>Coste total subvencionable<\/strong>: 191 387,27 \u20ac<br\/><strong>Ayuda financiera de la Uni\u00f3n Europea<\/strong>: FEDER &#8211; 86 124,27 \u20ac<\/p>\n\n<p>Desarrollar la actividad de forma eficiente, lograr un equilibrio entre las capacidades productivas al m\u00e1ximo rendimiento y la reducci\u00f3n de los costes de producci\u00f3n sin afectar a la obtenci\u00f3n de los mejores resultados.<\/p>\n\n<div class=\"wp-block-kobu-custom-blocks-responsive-spacer responsive-spacer size-large\"><\/div><br>\n\n<h3 class=\"wp-block-heading\">Plan de internacionalizaci\u00f3n de A. Milne Carmo<\/h3>\n\n<p><strong>Denominaci\u00f3n del proyecto<\/strong>: Plan de internacionalizaci\u00f3n de A. Milne Carmo<br\/><strong>C\u00f3digo del proyecto<\/strong>: LISBOA-02-0752-FEDER-000881<br\/><strong>Objetivo principal<\/strong>: Reforzar la competitividad de las pymes<br\/><strong>Regi\u00f3n de intervenci\u00f3n<\/strong>: Lisboa<br\/><strong>Entidad beneficiaria<\/strong>: A. MILNE CARMO S.A.<\/p>\n\n<p><strong>Fecha de aprobaci\u00f3n<\/strong>: 07-01-2016<br\/><strong>Fecha de inicio<\/strong>: 29-07-2015<br\/><strong>Fecha de finalizaci\u00f3n<\/strong>: 31-12-2017<br\/><strong>Coste total subvencionable<\/strong>: 254 415,27 \u20ac<br\/><strong>Ayuda financiera de la Uni\u00f3n Europea<\/strong>: FEDER- 114 486,87 \u20ac<\/p>\n\n<div class=\"wp-block-kobu-custom-blocks-responsive-spacer responsive-spacer size-medium\"><\/div><br>\n\n<h4 class=\"wp-block-heading\">Objetivos, actividades y resultados esperados\/alcanzados<\/h4>\n\n<p>Con el fin de alcanzar los objetivos del proyecto, en particular lograr una intensidad de exportaci\u00f3n superior al 37 %, A. Milne Carmo apuesta por acciones de internacionalizaci\u00f3n, misiones de prospecci\u00f3n inversas y presencia como expositor en ferias. Tambi\u00e9n pretende mejorar su sitio web, elaborar cat\u00e1logos y folletos promocionales y realizar estudios de mercado.<\/p>\n\n<div class=\"wp-block-kobu-custom-blocks-responsive-spacer responsive-spacer size-large\"><\/div><br>\n","protected":false},"excerpt":{"rendered":"<p>Refuerzo internacional de AMC respaldado por nuevos productos altamente innovadores Denominaci\u00f3n del proyecto: Refuerzo internacional de AMC respaldado por nuevos productos altamente innovadoresC\u00f3digo del proyecto: [&hellip;]<\/p>\n","protected":false},"author":1,"featured_media":0,"parent":9164,"menu_order":0,"comment_status":"closed","ping_status":"closed","template":"","meta":{"_acf_changed":false,"inline_featured_image":false,"footnotes":""},"class_list":["post-9676","page","type-page","status-publish","hentry"],"acf":[],"_links":{"self":[{"href":"https:\/\/staging.carmowood.com\/es\/wp-json\/wp\/v2\/pages\/9676","targetHints":{"allow":["GET"]}}],"collection":[{"href":"https:\/\/staging.carmowood.com\/es\/wp-json\/wp\/v2\/pages"}],"about":[{"href":"https:\/\/staging.carmowood.com\/es\/wp-json\/wp\/v2\/types\/page"}],"author":[{"embeddable":true,"href":"https:\/\/staging.carmowood.com\/es\/wp-json\/wp\/v2\/users\/1"}],"replies":[{"embeddable":true,"href":"https:\/\/staging.carmowood.com\/es\/wp-json\/wp\/v2\/comments?post=9676"}],"version-history":[{"count":1,"href":"https:\/\/staging.carmowood.com\/es\/wp-json\/wp\/v2\/pages\/9676\/revisions"}],"predecessor-version":[{"id":9677,"href":"https:\/\/staging.carmowood.com\/es\/wp-json\/wp\/v2\/pages\/9676\/revisions\/9677"}],"up":[{"embeddable":true,"href":"https:\/\/staging.carmowood.com\/es\/wp-json\/wp\/v2\/pages\/9164"}],"wp:attachment":[{"href":"https:\/\/staging.carmowood.com\/es\/wp-json\/wp\/v2\/media?parent=9676"}],"curies":[{"name":"wp","href":"https:\/\/api.w.org\/{rel}","templated":true}]}}