{"id":9562,"date":"2026-01-27T09:51:39","date_gmt":"2026-01-27T09:51:39","guid":{"rendered":"https:\/\/staging.carmowood.com\/mobiliario-y-equipamiento-de-exterior\/espacios-de-ocio\/"},"modified":"2026-02-24T10:46:33","modified_gmt":"2026-02-24T10:46:33","slug":"espacios-de-ocio","status":"publish","type":"page","link":"https:\/\/staging.carmowood.com\/es\/carmoform\/soluciones\/mobiliario-y-equipamiento-de-exterior\/espacios-de-ocio\/","title":{"rendered":"Espacios de Ocio"},"content":{"rendered":"<noscript class=\"loading-lazy\">\n<figure class=\"wp-block-image alignfull size-large\"><img loading=\"lazy\" decoding=\"async\" width=\"1920\" height=\"820\" src=\"https:\/\/staging.carmowood.com\/files\/uploads\/2026\/01\/lazer-e-mobiliario-espacos-de-lazer-01.jpg\" alt=\"Carmo\" class=\"wp-image-2019\" srcset=\"https:\/\/staging.carmowood.com\/files\/uploads\/2026\/01\/lazer-e-mobiliario-espacos-de-lazer-01.jpg 1920w, https:\/\/staging.carmowood.com\/files\/uploads\/2026\/01\/lazer-e-mobiliario-espacos-de-lazer-01-300x128.jpg 300w, https:\/\/staging.carmowood.com\/files\/uploads\/2026\/01\/lazer-e-mobiliario-espacos-de-lazer-01-1024x437.jpg 1024w, https:\/\/staging.carmowood.com\/files\/uploads\/2026\/01\/lazer-e-mobiliario-espacos-de-lazer-01-768x328.jpg 768w, https:\/\/staging.carmowood.com\/files\/uploads\/2026\/01\/lazer-e-mobiliario-espacos-de-lazer-01-1536x656.jpg 1536w\" sizes=\"auto, (max-width: 1920px) 100vw, 1920px\" \/><\/figure>\n<\/noscript>\n<div class=\"wp-block-kobu-custom-blocks-responsive-spacer responsive-spacer size-large\"><\/div><br>\n\n<h2 class=\"wp-block-heading alignwide\"><span aria-hidden=\"true\"><span aria-hidden=\"true\"><span aria-hidden=\"true\"><span aria-hidden=\"true\"><span aria-hidden=\"true\">Conozca las ventajas de elegir CarmoForm para construir o decorar espacios de ocio<\/span><\/span><\/span><\/span><\/span><\/h2>\n\n<div class=\"wp-block-kobu-custom-blocks-inner-content-img media-content-group child-item align-right valign-start img-first alignextrawide\"><div class=\"media-col\"><figure><img loading=\"lazy\" decoding=\"async\" width=\"1216\" height=\"652\" class=\"wp-image-2013\" src=\"https:\/\/staging.carmowood.com\/files\/uploads\/2026\/01\/lazer-e-mobiliario-espacos-de-lazer-03.jpg\" alt=\"\" title=\"lazer-e-mobiliario-espacos-de-lazer-03\" sizes=\"auto, (min-width: 1201px) 35vw, (min-width: 601px) 50vw, 100vw\" srcset=\"https:\/\/staging.carmowood.com\/files\/uploads\/2026\/01\/lazer-e-mobiliario-espacos-de-lazer-03.jpg 1216w, https:\/\/staging.carmowood.com\/files\/uploads\/2026\/01\/lazer-e-mobiliario-espacos-de-lazer-03-300x161.jpg 300w, https:\/\/staging.carmowood.com\/files\/uploads\/2026\/01\/lazer-e-mobiliario-espacos-de-lazer-03-1024x549.jpg 1024w, https:\/\/staging.carmowood.com\/files\/uploads\/2026\/01\/lazer-e-mobiliario-espacos-de-lazer-03-768x412.jpg 768w\" \/><\/figure><\/div><div class=\"content-col\"><div class=\"content-col-wrapper\">\n<p>En CarmoForm, creemos que los espacios de ocio son, en s\u00ed mismos, una experiencia. Como especialistas en construcci\u00f3n y decoraci\u00f3n, proporcionamos soluciones de madera que dan vida a estos espacios, haci\u00e9ndolos verdaderamente especiales.&#13;\n&#13;\n<\/p>\n\n\n\n<p>Desde el suministro de madera y productos como muebles de jard\u00edn hasta la realizaci\u00f3n de proyectos de mayor envergadura (como terrazas y p\u00e9rgolas), ofrecemos una gama amplia de servicios para crear espacios de ocio que reflejan la visi\u00f3n de cada cliente. Nos comprometemos a concretar cada proyecto de acuerdo con sus deseos y necesidades espec\u00edficas, utilizando soluciones est\u00e1ndar o opciones personalizadas.<\/p>\n\n\n\n<p>Al elegir colaborar con CarmoForm, se beneficia de la garant\u00eda de durabilidad que damos a la madera. Adem\u00e1s, nos enorgullece ofrecer una amplia gama de productos que se adaptan a diversas necesidades. Siempre con el compromiso de optar por materiales y soluciones que respetan la sostenibilidad y el equilibrio del medio ambiente.<\/p>\n\n\n\n<p>De terrazas a p\u00e9rgolas, de \u00e1reas de piscina a parques infantiles, de sombreado con paja a estructuras vers\u00e1tiles como quioscos y bares, nuestra dedicaci\u00f3n a la calidad y al detalle es evidente en cada espacio que creamos. Estamos listos para transformar su espacio, proporcionando experiencias \u00fanicas para todas las edades y gustos.<\/p>\n\n\n\n<div class=\"wp-block-buttons is-layout-flex wp-block-buttons-is-layout-flex\">\n<div class=\"wp-block-button\"><a class=\"wp-block-button__link wp-element-button\" href=\"https:\/\/www.yumpu.com\/pt\/document\/read\/68396496\/mobiliario-jardim\" target=\"_blank\" rel=\"noopener\">Cat\u00e1logo<\/a><\/div>\n<\/div>\n<\/div><\/div><\/div>\n\n<div class=\"wp-block-kobu-custom-blocks-responsive-spacer responsive-spacer size-large\"><\/div><br>\n\n<figure class=\"wp-block-gallery alignfull has-nested-images columns-default is-cropped is-masonry wp-block-gallery-1 is-layout-flex wp-block-gallery-is-layout-flex\"><noscript class=\"loading-lazy\">\n<figure class=\"wp-block-image size-large\"><img loading=\"lazy\" decoding=\"async\" width=\"1216\" height=\"652\" data-id=\"2004\" src=\"https:\/\/staging.carmowood.com\/files\/uploads\/2026\/01\/lazer-e-mobiliario-espacos-de-lazer-02.jpg\" alt=\"\" class=\"wp-image-2004\" srcset=\"https:\/\/staging.carmowood.com\/files\/uploads\/2026\/01\/lazer-e-mobiliario-espacos-de-lazer-02.jpg 1216w, https:\/\/staging.carmowood.com\/files\/uploads\/2026\/01\/lazer-e-mobiliario-espacos-de-lazer-02-300x161.jpg 300w, https:\/\/staging.carmowood.com\/files\/uploads\/2026\/01\/lazer-e-mobiliario-espacos-de-lazer-02-1024x549.jpg 1024w, https:\/\/staging.carmowood.com\/files\/uploads\/2026\/01\/lazer-e-mobiliario-espacos-de-lazer-02-768x412.jpg 768w\" sizes=\"auto, (max-width: 1216px) 100vw, 1216px\" \/><\/figure>\n<\/noscript>\n\n<noscript class=\"loading-lazy\">\n<figure class=\"wp-block-image size-large\"><img loading=\"lazy\" decoding=\"async\" width=\"1216\" height=\"652\" data-id=\"2013\" src=\"https:\/\/staging.carmowood.com\/files\/uploads\/2026\/01\/lazer-e-mobiliario-espacos-de-lazer-03.jpg\" alt=\"\" class=\"wp-image-2013\" srcset=\"https:\/\/staging.carmowood.com\/files\/uploads\/2026\/01\/lazer-e-mobiliario-espacos-de-lazer-03.jpg 1216w, https:\/\/staging.carmowood.com\/files\/uploads\/2026\/01\/lazer-e-mobiliario-espacos-de-lazer-03-300x161.jpg 300w, https:\/\/staging.carmowood.com\/files\/uploads\/2026\/01\/lazer-e-mobiliario-espacos-de-lazer-03-1024x549.jpg 1024w, https:\/\/staging.carmowood.com\/files\/uploads\/2026\/01\/lazer-e-mobiliario-espacos-de-lazer-03-768x412.jpg 768w\" sizes=\"auto, (max-width: 1216px) 100vw, 1216px\" \/><\/figure>\n<\/noscript>\n\n<noscript class=\"loading-lazy\">\n<figure class=\"wp-block-image size-large\"><img loading=\"lazy\" decoding=\"async\" width=\"1216\" height=\"652\" data-id=\"2028\" src=\"https:\/\/staging.carmowood.com\/files\/uploads\/2026\/01\/lazer-e-mobiliario-espacos-de-lazer-04.jpg\" alt=\"\" class=\"wp-image-2028\" srcset=\"https:\/\/staging.carmowood.com\/files\/uploads\/2026\/01\/lazer-e-mobiliario-espacos-de-lazer-04.jpg 1216w, https:\/\/staging.carmowood.com\/files\/uploads\/2026\/01\/lazer-e-mobiliario-espacos-de-lazer-04-300x161.jpg 300w, https:\/\/staging.carmowood.com\/files\/uploads\/2026\/01\/lazer-e-mobiliario-espacos-de-lazer-04-1024x549.jpg 1024w, https:\/\/staging.carmowood.com\/files\/uploads\/2026\/01\/lazer-e-mobiliario-espacos-de-lazer-04-768x412.jpg 768w\" sizes=\"auto, (max-width: 1216px) 100vw, 1216px\" \/><\/figure>\n<\/noscript>\n\n<noscript class=\"loading-lazy\">\n<figure class=\"wp-block-image size-large\"><img loading=\"lazy\" decoding=\"async\" width=\"1216\" height=\"652\" data-id=\"2031\" src=\"https:\/\/staging.carmowood.com\/files\/uploads\/2026\/01\/lazer-e-mobiliario-espacos-de-lazer-05.jpg\" alt=\"\" class=\"wp-image-2031\" srcset=\"https:\/\/staging.carmowood.com\/files\/uploads\/2026\/01\/lazer-e-mobiliario-espacos-de-lazer-05.jpg 1216w, https:\/\/staging.carmowood.com\/files\/uploads\/2026\/01\/lazer-e-mobiliario-espacos-de-lazer-05-300x161.jpg 300w, https:\/\/staging.carmowood.com\/files\/uploads\/2026\/01\/lazer-e-mobiliario-espacos-de-lazer-05-1024x549.jpg 1024w, https:\/\/staging.carmowood.com\/files\/uploads\/2026\/01\/lazer-e-mobiliario-espacos-de-lazer-05-768x412.jpg 768w\" sizes=\"auto, (max-width: 1216px) 100vw, 1216px\" \/><\/figure>\n<\/noscript>\n\n<noscript class=\"loading-lazy\">\n<figure class=\"wp-block-image size-large\"><img loading=\"lazy\" decoding=\"async\" width=\"1216\" height=\"652\" data-id=\"2046\" src=\"https:\/\/staging.carmowood.com\/files\/uploads\/2026\/01\/lazer-e-mobiliario-espacos-de-lazer-06.jpg\" alt=\"\" class=\"wp-image-2046\" srcset=\"https:\/\/staging.carmowood.com\/files\/uploads\/2026\/01\/lazer-e-mobiliario-espacos-de-lazer-06.jpg 1216w, https:\/\/staging.carmowood.com\/files\/uploads\/2026\/01\/lazer-e-mobiliario-espacos-de-lazer-06-300x161.jpg 300w, https:\/\/staging.carmowood.com\/files\/uploads\/2026\/01\/lazer-e-mobiliario-espacos-de-lazer-06-1024x549.jpg 1024w, https:\/\/staging.carmowood.com\/files\/uploads\/2026\/01\/lazer-e-mobiliario-espacos-de-lazer-06-768x412.jpg 768w\" sizes=\"auto, (max-width: 1216px) 100vw, 1216px\" \/><\/figure>\n<\/noscript>\n\n<noscript class=\"loading-lazy\">\n<figure class=\"wp-block-image size-large\"><img loading=\"lazy\" decoding=\"async\" width=\"1216\" height=\"652\" data-id=\"2037\" src=\"https:\/\/staging.carmowood.com\/files\/uploads\/2026\/01\/lazer-e-mobiliario-espacos-de-lazer-07.jpg\" alt=\"\" class=\"wp-image-2037\" srcset=\"https:\/\/staging.carmowood.com\/files\/uploads\/2026\/01\/lazer-e-mobiliario-espacos-de-lazer-07.jpg 1216w, https:\/\/staging.carmowood.com\/files\/uploads\/2026\/01\/lazer-e-mobiliario-espacos-de-lazer-07-300x161.jpg 300w, https:\/\/staging.carmowood.com\/files\/uploads\/2026\/01\/lazer-e-mobiliario-espacos-de-lazer-07-1024x549.jpg 1024w, https:\/\/staging.carmowood.com\/files\/uploads\/2026\/01\/lazer-e-mobiliario-espacos-de-lazer-07-768x412.jpg 768w\" sizes=\"auto, (max-width: 1216px) 100vw, 1216px\" \/><\/figure>\n<\/noscript>\n\n<noscript class=\"loading-lazy\">\n<figure class=\"wp-block-image size-large\"><img loading=\"lazy\" decoding=\"async\" width=\"720\" height=\"480\" data-id=\"2049\" src=\"https:\/\/staging.carmowood.com\/files\/uploads\/2026\/01\/lazer-e-mobiliario-espacos-de-lazer-08.jpg\" alt=\"\" class=\"wp-image-2049\" srcset=\"https:\/\/staging.carmowood.com\/files\/uploads\/2026\/01\/lazer-e-mobiliario-espacos-de-lazer-08.jpg 720w, https:\/\/staging.carmowood.com\/files\/uploads\/2026\/01\/lazer-e-mobiliario-espacos-de-lazer-08-300x200.jpg 300w\" sizes=\"auto, (max-width: 720px) 100vw, 720px\" \/><\/figure>\n<\/noscript>\n\n<noscript class=\"loading-lazy\">\n<figure class=\"wp-block-image size-large\"><img loading=\"lazy\" decoding=\"async\" width=\"1216\" height=\"652\" data-id=\"2055\" src=\"https:\/\/staging.carmowood.com\/files\/uploads\/2026\/01\/lazer-e-mobiliario-espacos-de-lazer-09.jpg\" alt=\"\" class=\"wp-image-2055\" srcset=\"https:\/\/staging.carmowood.com\/files\/uploads\/2026\/01\/lazer-e-mobiliario-espacos-de-lazer-09.jpg 1216w, https:\/\/staging.carmowood.com\/files\/uploads\/2026\/01\/lazer-e-mobiliario-espacos-de-lazer-09-300x161.jpg 300w, https:\/\/staging.carmowood.com\/files\/uploads\/2026\/01\/lazer-e-mobiliario-espacos-de-lazer-09-1024x549.jpg 1024w, https:\/\/staging.carmowood.com\/files\/uploads\/2026\/01\/lazer-e-mobiliario-espacos-de-lazer-09-768x412.jpg 768w\" sizes=\"auto, (max-width: 1216px) 100vw, 1216px\" \/><\/figure>\n<\/noscript>\n\n<noscript class=\"loading-lazy\">\n<figure class=\"wp-block-image size-large\"><img loading=\"lazy\" decoding=\"async\" width=\"1216\" height=\"652\" data-id=\"2025\" src=\"https:\/\/staging.carmowood.com\/files\/uploads\/2026\/01\/lazer-e-mobiliario-espacos-de-lazer-10.jpg\" alt=\"\" class=\"wp-image-2025\" srcset=\"https:\/\/staging.carmowood.com\/files\/uploads\/2026\/01\/lazer-e-mobiliario-espacos-de-lazer-10.jpg 1216w, https:\/\/staging.carmowood.com\/files\/uploads\/2026\/01\/lazer-e-mobiliario-espacos-de-lazer-10-300x161.jpg 300w, https:\/\/staging.carmowood.com\/files\/uploads\/2026\/01\/lazer-e-mobiliario-espacos-de-lazer-10-1024x549.jpg 1024w, https:\/\/staging.carmowood.com\/files\/uploads\/2026\/01\/lazer-e-mobiliario-espacos-de-lazer-10-768x412.jpg 768w\" sizes=\"auto, (max-width: 1216px) 100vw, 1216px\" \/><\/figure>\n<\/noscript><\/figure>\n\n<div class=\"wp-block-kobu-custom-blocks-responsive-spacer responsive-spacer size-medium\"><\/div><br>\n    <div class=\"pages-list-block alignwide\">\n        <div class=\"pages three_columns\">\n                            <div class=\"page\">\n                    <a href=\"https:\/\/staging.carmowood.com\/es\/carmoform\/soluciones\/mobiliario-y-equipamiento-de-exterior\/corteza-de-pino\/\">\n                        <img loading=\"lazy\" decoding=\"async\" width=\"640\" height=\"273\" src=\"https:\/\/staging.carmowood.com\/files\/uploads\/2026\/01\/lazer-e-mobiliario-casca-de-pinheiro-01-768x328.jpg\" class=\"coverimg\" alt=\"\" sizes=\"auto, (min-width: 601px) 50vw, 100vw\" srcset=\"https:\/\/staging.carmowood.com\/files\/uploads\/2026\/01\/lazer-e-mobiliario-casca-de-pinheiro-01-768x328.jpg 768w, https:\/\/staging.carmowood.com\/files\/uploads\/2026\/01\/lazer-e-mobiliario-casca-de-pinheiro-01-300x128.jpg 300w, https:\/\/staging.carmowood.com\/files\/uploads\/2026\/01\/lazer-e-mobiliario-casca-de-pinheiro-01-1024x438.jpg 1024w, https:\/\/staging.carmowood.com\/files\/uploads\/2026\/01\/lazer-e-mobiliario-casca-de-pinheiro-01-1536x656.jpg 1536w, https:\/\/staging.carmowood.com\/files\/uploads\/2026\/01\/lazer-e-mobiliario-casca-de-pinheiro-01-2048x875.jpg 2048w\" \/>                        <div class=\"title-wrapper\">\n                            <h3>Corteza de Pino<\/h3>\n                        <\/div>\n                    <\/a>\n                <\/div>\n                            <div class=\"page\">\n                    <a href=\"https:\/\/staging.carmowood.com\/es\/carmoform\/soluciones\/mobiliario-y-equipamiento-de-exterior\/equipos-de-jardin\/\">\n                        <img loading=\"lazy\" decoding=\"async\" width=\"640\" height=\"272\" src=\"https:\/\/staging.carmowood.com\/files\/uploads\/2026\/01\/lazer-e-mobiliario-equipamentos-de-jardim-01-768x326.jpg\" class=\"coverimg\" alt=\"\" sizes=\"auto, (min-width: 601px) 50vw, 100vw\" srcset=\"https:\/\/staging.carmowood.com\/files\/uploads\/2026\/01\/lazer-e-mobiliario-equipamentos-de-jardim-01-768x326.jpg 768w, https:\/\/staging.carmowood.com\/files\/uploads\/2026\/01\/lazer-e-mobiliario-equipamentos-de-jardim-01-300x127.jpg 300w, https:\/\/staging.carmowood.com\/files\/uploads\/2026\/01\/lazer-e-mobiliario-equipamentos-de-jardim-01-1024x435.jpg 1024w, https:\/\/staging.carmowood.com\/files\/uploads\/2026\/01\/lazer-e-mobiliario-equipamentos-de-jardim-01.jpg 1216w\" \/>                        <div class=\"title-wrapper\">\n                            <h3>Equipos de Jard\u00edn<\/h3>\n                        <\/div>\n                    <\/a>\n                <\/div>\n                            <div class=\"page\">\n                    <a href=\"https:\/\/staging.carmowood.com\/es\/carmoform\/soluciones\/mobiliario-y-equipamiento-de-exterior\/mobiliario-de-diseno\/\">\n                        <img loading=\"lazy\" decoding=\"async\" width=\"640\" height=\"273\" src=\"https:\/\/staging.carmowood.com\/files\/uploads\/2026\/01\/lazer-e-mobiliario-mobiliario-de-design-01-768x328.jpg\" class=\"coverimg\" alt=\"\" sizes=\"auto, (min-width: 601px) 50vw, 100vw\" srcset=\"https:\/\/staging.carmowood.com\/files\/uploads\/2026\/01\/lazer-e-mobiliario-mobiliario-de-design-01-768x328.jpg 768w, https:\/\/staging.carmowood.com\/files\/uploads\/2026\/01\/lazer-e-mobiliario-mobiliario-de-design-01-300x128.jpg 300w, https:\/\/staging.carmowood.com\/files\/uploads\/2026\/01\/lazer-e-mobiliario-mobiliario-de-design-01-1024x437.jpg 1024w, https:\/\/staging.carmowood.com\/files\/uploads\/2026\/01\/lazer-e-mobiliario-mobiliario-de-design-01-1536x656.jpg 1536w, https:\/\/staging.carmowood.com\/files\/uploads\/2026\/01\/lazer-e-mobiliario-mobiliario-de-design-01.jpg 1920w\" \/>                        <div class=\"title-wrapper\">\n                            <h3>Mobiliario de Dise\u00f1o<\/h3>\n                        <\/div>\n                    <\/a>\n                <\/div>\n                            <div class=\"page\">\n                    <a href=\"https:\/\/staging.carmowood.com\/es\/carmoform\/soluciones\/mobiliario-y-equipamiento-de-exterior\/mobiliario-rustico\/\">\n                        <img loading=\"lazy\" decoding=\"async\" width=\"640\" height=\"273\" src=\"https:\/\/staging.carmowood.com\/files\/uploads\/2026\/01\/lazer-e-mobiliario-mobiliario-rustico-01-768x328.jpg\" class=\"coverimg\" alt=\"\" sizes=\"auto, (min-width: 601px) 50vw, 100vw\" srcset=\"https:\/\/staging.carmowood.com\/files\/uploads\/2026\/01\/lazer-e-mobiliario-mobiliario-rustico-01-768x328.jpg 768w, https:\/\/staging.carmowood.com\/files\/uploads\/2026\/01\/lazer-e-mobiliario-mobiliario-rustico-01-300x128.jpg 300w, https:\/\/staging.carmowood.com\/files\/uploads\/2026\/01\/lazer-e-mobiliario-mobiliario-rustico-01-1024x437.jpg 1024w, https:\/\/staging.carmowood.com\/files\/uploads\/2026\/01\/lazer-e-mobiliario-mobiliario-rustico-01-1536x656.jpg 1536w, https:\/\/staging.carmowood.com\/files\/uploads\/2026\/01\/lazer-e-mobiliario-mobiliario-rustico-01-2048x875.jpg 2048w\" \/>                        <div class=\"title-wrapper\">\n                            <h3>Mobiliario R\u00fastico<\/h3>\n                        <\/div>\n                    <\/a>\n                <\/div>\n                            <div class=\"page\">\n                    <a href=\"https:\/\/staging.carmowood.com\/es\/carmoform\/soluciones\/mobiliario-y-equipamiento-de-exterior\/mobiliario-urbano\/\">\n                        <img loading=\"lazy\" decoding=\"async\" width=\"640\" height=\"273\" src=\"https:\/\/staging.carmowood.com\/files\/uploads\/2026\/01\/lazer-e-mobiliario-mobiliario-urbano-01-768x328.jpg\" class=\"coverimg\" alt=\"\" sizes=\"auto, (min-width: 601px) 50vw, 100vw\" srcset=\"https:\/\/staging.carmowood.com\/files\/uploads\/2026\/01\/lazer-e-mobiliario-mobiliario-urbano-01-768x328.jpg 768w, https:\/\/staging.carmowood.com\/files\/uploads\/2026\/01\/lazer-e-mobiliario-mobiliario-urbano-01-300x128.jpg 300w, https:\/\/staging.carmowood.com\/files\/uploads\/2026\/01\/lazer-e-mobiliario-mobiliario-urbano-01-1024x437.jpg 1024w, https:\/\/staging.carmowood.com\/files\/uploads\/2026\/01\/lazer-e-mobiliario-mobiliario-urbano-01-1536x656.jpg 1536w, https:\/\/staging.carmowood.com\/files\/uploads\/2026\/01\/lazer-e-mobiliario-mobiliario-urbano-01.jpg 1920w\" \/>                        <div class=\"title-wrapper\">\n                            <h3>Mobiliario Urbano<\/h3>\n                        <\/div>\n                    <\/a>\n                <\/div>\n                            <div class=\"page\">\n                    <a href=\"https:\/\/staging.carmowood.com\/es\/carmoform\/soluciones\/mobiliario-y-equipamiento-de-exterior\/techos-y-sombrillas-de-junco-africano\/\">\n                        <img loading=\"lazy\" decoding=\"async\" width=\"640\" height=\"304\" src=\"https:\/\/staging.carmowood.com\/files\/uploads\/2026\/02\/lazer-e-mobiliario-telhados-e-chapeus-de-colmo-01-768x365.webp\" class=\"coverimg\" alt=\"\" sizes=\"auto, (min-width: 601px) 50vw, 100vw\" srcset=\"https:\/\/staging.carmowood.com\/files\/uploads\/2026\/02\/lazer-e-mobiliario-telhados-e-chapeus-de-colmo-01-768x365.webp 768w, https:\/\/staging.carmowood.com\/files\/uploads\/2026\/02\/lazer-e-mobiliario-telhados-e-chapeus-de-colmo-01-300x143.webp 300w, https:\/\/staging.carmowood.com\/files\/uploads\/2026\/02\/lazer-e-mobiliario-telhados-e-chapeus-de-colmo-01-1024x487.webp 1024w, https:\/\/staging.carmowood.com\/files\/uploads\/2026\/02\/lazer-e-mobiliario-telhados-e-chapeus-de-colmo-01-1536x730.webp 1536w, https:\/\/staging.carmowood.com\/files\/uploads\/2026\/02\/lazer-e-mobiliario-telhados-e-chapeus-de-colmo-01-2048x973.webp 2048w\" \/>                        <div class=\"title-wrapper\">\n                            <h3>Techos y Sombrillas de Junco Africano<\/h3>\n                        <\/div>\n                    <\/a>\n                <\/div>\n                            <div class=\"page\">\n                    <a href=\"https:\/\/staging.carmowood.com\/es\/carmoform\/soluciones\/mobiliario-y-equipamiento-de-exterior\/torneados-y-sellados\/\">\n                        <img loading=\"lazy\" decoding=\"async\" width=\"640\" height=\"273\" src=\"https:\/\/staging.carmowood.com\/files\/uploads\/2026\/01\/lazer-e-mobiliario-torneados-e-vedacoes-01-768x328.jpg\" class=\"coverimg\" alt=\"\" sizes=\"auto, (min-width: 601px) 50vw, 100vw\" srcset=\"https:\/\/staging.carmowood.com\/files\/uploads\/2026\/01\/lazer-e-mobiliario-torneados-e-vedacoes-01-768x328.jpg 768w, https:\/\/staging.carmowood.com\/files\/uploads\/2026\/01\/lazer-e-mobiliario-torneados-e-vedacoes-01-300x128.jpg 300w, https:\/\/staging.carmowood.com\/files\/uploads\/2026\/01\/lazer-e-mobiliario-torneados-e-vedacoes-01-1024x437.jpg 1024w, https:\/\/staging.carmowood.com\/files\/uploads\/2026\/01\/lazer-e-mobiliario-torneados-e-vedacoes-01-1536x656.jpg 1536w, https:\/\/staging.carmowood.com\/files\/uploads\/2026\/01\/lazer-e-mobiliario-torneados-e-vedacoes-01.jpg 1920w\" \/>                        <div class=\"title-wrapper\">\n                            <h3>Torneados y Sellados<\/h3>\n                        <\/div>\n                    <\/a>\n                <\/div>\n                            <div class=\"page\">\n                    <a href=\"https:\/\/staging.carmowood.com\/es\/carmoform\/soluciones\/maderas\/tarimas-de-madera\/\">\n                        <img loading=\"lazy\" decoding=\"async\" width=\"640\" height=\"273\" src=\"https:\/\/staging.carmowood.com\/files\/uploads\/2026\/01\/lazer-e-mobiliario-decks-01-768x328.jpg\" class=\"coverimg\" alt=\"\" sizes=\"auto, (min-width: 601px) 50vw, 100vw\" srcset=\"https:\/\/staging.carmowood.com\/files\/uploads\/2026\/01\/lazer-e-mobiliario-decks-01-768x328.jpg 768w, https:\/\/staging.carmowood.com\/files\/uploads\/2026\/01\/lazer-e-mobiliario-decks-01-300x128.jpg 300w, https:\/\/staging.carmowood.com\/files\/uploads\/2026\/01\/lazer-e-mobiliario-decks-01-1024x437.jpg 1024w, https:\/\/staging.carmowood.com\/files\/uploads\/2026\/01\/lazer-e-mobiliario-decks-01-1536x656.jpg 1536w, https:\/\/staging.carmowood.com\/files\/uploads\/2026\/01\/lazer-e-mobiliario-decks-01-2048x875.jpg 2048w\" \/>                        <div class=\"title-wrapper\">\n                            <h3>Tarimas de madera<\/h3>\n                        <\/div>\n                    <\/a>\n                <\/div>\n                    <\/div>\n    <\/div>\n    ","protected":false},"excerpt":{"rendered":"<p>Conozca las ventajas de elegir CarmoForm para construir o decorar espacios de ocio<\/p>\n","protected":false},"author":1,"featured_media":2021,"parent":9474,"menu_order":0,"comment_status":"closed","ping_status":"closed","template":"","meta":{"_acf_changed":false,"inline_featured_image":false,"footnotes":""},"class_list":["post-9562","page","type-page","status-publish","has-post-thumbnail","hentry"],"acf":[],"_links":{"self":[{"href":"https:\/\/staging.carmowood.com\/es\/wp-json\/wp\/v2\/pages\/9562","targetHints":{"allow":["GET"]}}],"collection":[{"href":"https:\/\/staging.carmowood.com\/es\/wp-json\/wp\/v2\/pages"}],"about":[{"href":"https:\/\/staging.carmowood.com\/es\/wp-json\/wp\/v2\/types\/page"}],"author":[{"embeddable":true,"href":"https:\/\/staging.carmowood.com\/es\/wp-json\/wp\/v2\/users\/1"}],"replies":[{"embeddable":true,"href":"https:\/\/staging.carmowood.com\/es\/wp-json\/wp\/v2\/comments?post=9562"}],"version-history":[{"count":1,"href":"https:\/\/staging.carmowood.com\/es\/wp-json\/wp\/v2\/pages\/9562\/revisions"}],"predecessor-version":[{"id":9563,"href":"https:\/\/staging.carmowood.com\/es\/wp-json\/wp\/v2\/pages\/9562\/revisions\/9563"}],"up":[{"embeddable":true,"href":"https:\/\/staging.carmowood.com\/es\/wp-json\/wp\/v2\/pages\/9474"}],"wp:featuredmedia":[{"embeddable":true,"href":"https:\/\/staging.carmowood.com\/es\/wp-json\/wp\/v2\/media\/2021"}],"wp:attachment":[{"href":"https:\/\/staging.carmowood.com\/es\/wp-json\/wp\/v2\/media?parent=9562"}],"curies":[{"name":"wp","href":"https:\/\/api.w.org\/{rel}","templated":true}]}}