{"id":9285,"date":"2026-01-27T09:49:53","date_gmt":"2026-01-27T09:49:53","guid":{"rendered":"https:\/\/staging.carmowood.com\/construccion-modular\/"},"modified":"2026-02-24T16:01:28","modified_gmt":"2026-02-24T16:01:28","slug":"construccion-modular","status":"publish","type":"page","link":"https:\/\/staging.carmowood.com\/es\/carmoform\/soluciones\/construccion-modular\/","title":{"rendered":"Construcci\u00f3n modular"},"content":{"rendered":"<noscript class=\"loading-lazy\">\n<figure class=\"wp-block-image alignfull size-large\"><img loading=\"lazy\" decoding=\"async\" width=\"1024\" height=\"576\" src=\"https:\/\/staging.carmowood.com\/files\/uploads\/2026\/01\/construcao-modular-above-the-fold-2-1024x576.png\" alt=\"\" class=\"wp-image-4054\" srcset=\"https:\/\/staging.carmowood.com\/files\/uploads\/2026\/01\/construcao-modular-above-the-fold-2-1024x576.png 1024w, https:\/\/staging.carmowood.com\/files\/uploads\/2026\/01\/construcao-modular-above-the-fold-2-300x169.png 300w, https:\/\/staging.carmowood.com\/files\/uploads\/2026\/01\/construcao-modular-above-the-fold-2-768x432.png 768w, https:\/\/staging.carmowood.com\/files\/uploads\/2026\/01\/construcao-modular-above-the-fold-2.png 1366w\" sizes=\"auto, (max-width: 1024px) 100vw, 1024px\" \/><\/figure>\n<\/noscript>\n<div class=\"wp-block-kobu-custom-blocks-responsive-spacer responsive-spacer size-large\"><\/div><br>\n\n<h2 class=\"wp-block-heading alignwide\"><span aria-hidden=\"true\">Descubre por qu\u00e9 elegir Carmo Wood para tu casa modular<\/span><\/h2>\n\n<div class=\"wp-block-kobu-custom-blocks-inner-content-img media-content-group child-item align-right valign-start img-first alignextrawide\"><div class=\"media-col\"><figure><img loading=\"lazy\" decoding=\"async\" width=\"861\" height=\"632\" class=\"wp-image-4057\" src=\"https:\/\/staging.carmowood.com\/files\/uploads\/2026\/01\/construcao-modular-blockhouse.png\" alt=\"\" title=\"construcao-modular-blockhouse\" sizes=\"auto, (min-width: 1201px) 35vw, (min-width: 601px) 50vw, 100vw\" srcset=\"https:\/\/staging.carmowood.com\/files\/uploads\/2026\/01\/construcao-modular-blockhouse.png 861w, https:\/\/staging.carmowood.com\/files\/uploads\/2026\/01\/construcao-modular-blockhouse-300x220.png 300w, https:\/\/staging.carmowood.com\/files\/uploads\/2026\/01\/construcao-modular-blockhouse-768x564.png 768w\" \/><\/figure><\/div><div class=\"content-col\"><div class=\"content-col-wrapper\">\n<p>En CarmoForm contamos con a\u00f1os de experiencia en la construcci\u00f3n en madera, siempre con un enorme compromiso con la calidad. Para simplificar y agilizar la construcci\u00f3n, en l\u00ednea con las exigencias del mercado, lanzamos soluciones premontadas que combinan nuestra capacidad t\u00e9cnica con un dise\u00f1o moderno y minimalista. Ya sea para vivienda permanente, temporal o con fines comerciales, puede construir una casa modular utilizando opciones predefinidas, que permiten una ejecuci\u00f3n m\u00e1s r\u00e1pida.<\/p>\n\n\n\n<p>Desde la selecci\u00f3n de madera, de origen controlado, hasta la prefabricaci\u00f3n detallada, nos aseguramos de que su casa modular sea duradera, segura y est\u00e9ticamente atractiva. Nuestros equipos t\u00e9cnicos altamente especializados en construcci\u00f3n en madera garantizan que cada detalle sea tratado con las t\u00e9cnicas m\u00e1s avanzadas, proporcionando una construcci\u00f3n s\u00f3lida y de calidad.<\/p>\n\n\n\n<p>Creemos que cada proyecto es una oportunidad para crear algo \u00fanico y valioso. Cont\u00e1ctanos y haz realidad tu idea, con el compromiso de calidad que nos diferencia.<\/p>\n<\/div><\/div><\/div>\n\n<div class=\"wp-block-kobu-custom-blocks-responsive-spacer responsive-spacer size-large\"><\/div><br>\n\n<div class=\"wp-block-columns alignwide are-vertically-aligned-top is-layout-flex wp-container-core-columns-is-layout-9d6595d7 wp-block-columns-is-layout-flex\">\n<div class=\"wp-block-column is-vertically-aligned-top is-layout-flow wp-block-column-is-layout-flow\"><noscript class=\"loading-lazy\">\n<figure class=\"wp-block-image aligncenter size-full is-resized\"><img decoding=\"async\" src=\"https:\/\/staging.carmowood.com\/files\/uploads\/2026\/01\/construcao-modular-03.svg\" alt=\"Carmo\" class=\"wp-image-1250\" style=\"object-fit:cover;width:180px;height:180px\"\/><\/figure>\n<\/noscript>\n\n\n<div class=\"wp-block-kobu-custom-blocks-responsive-spacer responsive-spacer size-custom\" data-small=\"10\" data-medium=\"15\" data-large=\"20\" style=\"height:15px\"><\/div><br>\n\n\n\n<p class=\"has-text-align-center\">Velocidad de construcci\u00f3n (hasta 6 meses)<\/p>\n<\/div>\n\n\n\n<div class=\"wp-block-column is-vertically-aligned-top is-layout-flow wp-block-column-is-layout-flow\"><noscript class=\"loading-lazy\">\n<figure class=\"wp-block-image aligncenter size-full is-resized\"><img decoding=\"async\" src=\"https:\/\/staging.carmowood.com\/files\/uploads\/2026\/01\/construcao-modular-04.svg\" alt=\"Carmo\" class=\"wp-image-1253\" style=\"object-fit:cover;width:180px;height:180px\"\/><\/figure>\n<\/noscript>\n\n\n<div class=\"wp-block-kobu-custom-blocks-responsive-spacer responsive-spacer size-custom\" data-small=\"10\" data-medium=\"15\" data-large=\"20\" style=\"height:15px\"><\/div><br>\n\n\n\n<p class=\"has-text-align-center\">Crecer con la familia, por m\u00f3dulos<\/p>\n<\/div>\n\n\n\n<div class=\"wp-block-column is-vertically-aligned-top is-layout-flow wp-block-column-is-layout-flow\"><noscript class=\"loading-lazy\">\n<figure class=\"wp-block-image aligncenter size-full is-resized\"><img decoding=\"async\" src=\"https:\/\/staging.carmowood.com\/files\/uploads\/2026\/01\/construcao-modular-05.svg\" alt=\"Carmo\" class=\"wp-image-1256\" style=\"object-fit:cover;width:180px;height:180px\"\/><\/figure>\n<\/noscript>\n\n\n<div class=\"wp-block-kobu-custom-blocks-responsive-spacer responsive-spacer size-custom\" data-small=\"10\" data-medium=\"15\" data-large=\"20\" style=\"height:15px\"><\/div><br>\n\n\n\n<p class=\"has-text-align-center\">Presupuesto sin desviaciones durante la ejecuci\u00f3n<\/p>\n<\/div>\n\n\n\n<div class=\"wp-block-column is-vertically-aligned-top is-layout-flow wp-block-column-is-layout-flow\"><noscript class=\"loading-lazy\">\n<figure class=\"wp-block-image size-full is-resized\"><img decoding=\"async\" src=\"https:\/\/staging.carmowood.com\/files\/uploads\/2026\/01\/construcao-modular-06.svg\" alt=\"Carmo\" class=\"wp-image-1259\" style=\"object-fit:cover;width:180px;height:180px\"\/><\/figure>\n<\/noscript>\n\n\n<div class=\"wp-block-kobu-custom-blocks-responsive-spacer responsive-spacer size-custom\" data-small=\"10\" data-medium=\"15\" data-large=\"20\" style=\"height:15px\"><\/div><br>\n\n\n\n<p class=\"has-text-align-center\">Varias opciones de personalizaci\u00f3n<\/p>\n<\/div>\n<\/div>\n\n<div class=\"wp-block-kobu-custom-blocks-responsive-spacer responsive-spacer size-large\"><\/div><br>\n\n<div class=\"wp-block-kobu-custom-blocks-section-wrapper alignfull kobu-section has-text-color has-foreground-color has-background has-lightbrown-background-color wood-parallax parallax-02 has-link-color wp-elements-8d1f2a0c7ea9ab6ebbe8aa0b4998aba5\">\n<div class=\"wp-block-kobu-custom-blocks-responsive-spacer responsive-spacer size-large\"><\/div><br>\n\n\n\n<h2 class=\"wp-block-heading has-text-align-center\"><strong><span aria-hidden=\"true\">\u00bfQu\u00e9 es el CLT?<\/span><\/strong><\/h2>\n\n\n\n<p class=\"has-text-align-center has-playfair-display-font-family has-medium-font-size\">El t\u00e9rmino &#8220;CLT Wood&#8221; corresponde a &#8220;Madeira Laminada Cruzada&#8221; (CLT). El CLT es un material de construcci\u00f3n innovador, creado a partir de capas de madera pegadas entre s\u00ed de forma perpendicular, resultando en un producto s\u00f3lido y resistente.<\/p>\n\n\n\n<div class=\"wp-block-kobu-custom-blocks-responsive-spacer responsive-spacer size-large\"><\/div><br>\n<\/div>\n\n<div class=\"wp-block-kobu-custom-blocks-section-wrapper alignfull kobu-section\"><noscript class=\"loading-lazy\">\n<figure class=\"wp-block-image alignfull size-full\"><img loading=\"lazy\" decoding=\"async\" width=\"1216\" height=\"652\" src=\"https:\/\/staging.carmowood.com\/files\/uploads\/2026\/01\/construcao-modular-07.jpg\" alt=\"\" class=\"wp-image-1268\" srcset=\"https:\/\/staging.carmowood.com\/files\/uploads\/2026\/01\/construcao-modular-07.jpg 1216w, https:\/\/staging.carmowood.com\/files\/uploads\/2026\/01\/construcao-modular-07-300x161.jpg 300w, https:\/\/staging.carmowood.com\/files\/uploads\/2026\/01\/construcao-modular-07-1024x549.jpg 1024w, https:\/\/staging.carmowood.com\/files\/uploads\/2026\/01\/construcao-modular-07-768x412.jpg 768w\" sizes=\"auto, (max-width: 1216px) 100vw, 1216px\" \/><\/figure>\n<\/noscript><\/div>\n\n<div class=\"wp-block-kobu-custom-blocks-responsive-spacer responsive-spacer size-large\"><\/div><br>\n\n<h2 class=\"wp-block-heading alignwide\"><span aria-hidden=\"true\">Elige la casa que crece con tu familia<\/span><\/h2>\n    <div class=\"pages-list-block alignwide\">\n        <div class=\"pages three_columns\">\n                            <div class=\"page\">\n                    <a href=\"https:\/\/staging.carmowood.com\/es\/carmoform\/soluciones\/construccion-modular\/blockhouses\/\">\n                        <img loading=\"lazy\" decoding=\"async\" width=\"640\" height=\"470\" src=\"https:\/\/staging.carmowood.com\/files\/uploads\/2026\/01\/construcao-modular-blockhouse-768x564.png\" class=\"coverimg\" alt=\"\" sizes=\"auto, (min-width: 601px) 50vw, 100vw\" srcset=\"https:\/\/staging.carmowood.com\/files\/uploads\/2026\/01\/construcao-modular-blockhouse-768x564.png 768w, https:\/\/staging.carmowood.com\/files\/uploads\/2026\/01\/construcao-modular-blockhouse-300x220.png 300w, https:\/\/staging.carmowood.com\/files\/uploads\/2026\/01\/construcao-modular-blockhouse.png 861w\" \/>                        <div class=\"title-wrapper\">\n                            <h3>BlockHouses<\/h3>\n                        <\/div>\n                    <\/a>\n                <\/div>\n                            <div class=\"page\">\n                    <a href=\"https:\/\/staging.carmowood.com\/es\/carmoform\/soluciones\/construccion-modular\/nature-homes\/\">\n                        <img loading=\"lazy\" decoding=\"async\" width=\"640\" height=\"273\" src=\"https:\/\/staging.carmowood.com\/files\/uploads\/2026\/01\/construcao-modular-nature-homes-01-768x328.jpg\" class=\"coverimg\" alt=\"\" sizes=\"auto, (min-width: 601px) 50vw, 100vw\" srcset=\"https:\/\/staging.carmowood.com\/files\/uploads\/2026\/01\/construcao-modular-nature-homes-01-768x328.jpg 768w, https:\/\/staging.carmowood.com\/files\/uploads\/2026\/01\/construcao-modular-nature-homes-01-300x128.jpg 300w, https:\/\/staging.carmowood.com\/files\/uploads\/2026\/01\/construcao-modular-nature-homes-01-1024x437.jpg 1024w, https:\/\/staging.carmowood.com\/files\/uploads\/2026\/01\/construcao-modular-nature-homes-01-1536x656.jpg 1536w, https:\/\/staging.carmowood.com\/files\/uploads\/2026\/01\/construcao-modular-nature-homes-01.jpg 1920w\" \/>                        <div class=\"title-wrapper\">\n                            <h3>Nature Homes<\/h3>\n                        <\/div>\n                    <\/a>\n                <\/div>\n                    <\/div>\n    <\/div>\n    \n<div class=\"wp-block-kobu-custom-blocks-responsive-spacer responsive-spacer size-xlarge\"><\/div><br>\n<div class=\"wood-gallery-block alignwide\">\n            <div class=\"wood-gallery\">\n            <h2>Proceso de compra e instalaci\u00f3n<\/h2>\n                            <div class=\"gallery-item\">\n                    <div class=\"img-wrapper\">\n                        <img loading=\"lazy\" decoding=\"async\" width=\"186\" height=\"150\" src=\"https:\/\/staging.carmowood.com\/files\/uploads\/2026\/01\/construcao-modular-10.jpg\" class=\"coverimg\" alt=\"\" sizes=\"auto, (min-width: 993px) 33vw, (min-width: 601px) 50vw, 100vw\" \/>                    <\/div>\n                    <div class=\"content-wrapper\">\n                                                    <div class=\"title\">\n                                Modelo                                                                    <span class=\"number\">01<\/span>\n                                                            <\/div>\n                                                                            <div class=\"description\">Elija el modelo de su casa de madera<\/div>\n                                            <\/div>\n                <\/div>\n                                            <div class=\"gallery-item\">\n                    <div class=\"img-wrapper\">\n                        <img loading=\"lazy\" decoding=\"async\" width=\"187\" height=\"150\" src=\"https:\/\/staging.carmowood.com\/files\/uploads\/2026\/01\/construcao-modular-11.jpg\" class=\"coverimg\" alt=\"\" sizes=\"auto, (min-width: 993px) 33vw, (min-width: 601px) 50vw, 100vw\" \/>                    <\/div>\n                    <div class=\"content-wrapper\">\n                                                    <div class=\"title\">\n                                Producci\u00f3n                                                                    <span class=\"number\">02<\/span>\n                                                            <\/div>\n                                                                            <div class=\"description\">Sigue la producci\u00f3n en f\u00e1brica<\/div>\n                                            <\/div>\n                <\/div>\n                                            <div class=\"gallery-item\">\n                    <div class=\"img-wrapper\">\n                        <img loading=\"lazy\" decoding=\"async\" width=\"186\" height=\"150\" src=\"https:\/\/staging.carmowood.com\/files\/uploads\/2026\/01\/construcao-modular-12.jpg\" class=\"coverimg\" alt=\"\" sizes=\"auto, (min-width: 993px) 33vw, (min-width: 601px) 50vw, 100vw\" \/>                    <\/div>\n                    <div class=\"content-wrapper\">\n                                                    <div class=\"title\">\n                                Programa                                                                    <span class=\"number\">03<\/span>\n                                                            <\/div>\n                                                                            <div class=\"description\">Programe el d\u00eda de instalaci\u00f3n de su casa pre-ensamblada<\/div>\n                                            <\/div>\n                <\/div>\n                                            <div class=\"gallery-item\">\n                    <div class=\"img-wrapper\">\n                        <img loading=\"lazy\" decoding=\"async\" width=\"187\" height=\"150\" src=\"https:\/\/staging.carmowood.com\/files\/uploads\/2026\/01\/construcao-modular-13.jpg\" class=\"coverimg\" alt=\"\" sizes=\"auto, (min-width: 993px) 33vw, (min-width: 601px) 50vw, 100vw\" \/>                    <\/div>\n                    <div class=\"content-wrapper\">\n                                                    <div class=\"title\">\n                                Entrega                                                                    <span class=\"number\">04<\/span>\n                                                            <\/div>\n                                                                            <div class=\"description\">La entrega se hace llave en mano<\/div>\n                                            <\/div>\n                <\/div>\n                                            <div class=\"gallery-item\">\n                    <div class=\"img-wrapper\">\n                        <img loading=\"lazy\" decoding=\"async\" width=\"640\" height=\"470\" src=\"https:\/\/staging.carmowood.com\/files\/uploads\/2026\/01\/construcao-modular-blockhouse-768x564.png\" class=\"coverimg\" alt=\"\" sizes=\"auto, (min-width: 993px) 33vw, (min-width: 601px) 50vw, 100vw\" srcset=\"https:\/\/staging.carmowood.com\/files\/uploads\/2026\/01\/construcao-modular-blockhouse-768x564.png 768w, https:\/\/staging.carmowood.com\/files\/uploads\/2026\/01\/construcao-modular-blockhouse-300x220.png 300w, https:\/\/staging.carmowood.com\/files\/uploads\/2026\/01\/construcao-modular-blockhouse.png 861w\" \/>                    <\/div>\n                    <div class=\"content-wrapper\">\n                                                    <div class=\"title\">\n                                Disfruta                                                                    <span class=\"number\">05<\/span>\n                                                            <\/div>\n                                                                            <div class=\"description\">\u00a1Comienza a disfrutar de tu nuevo espacio!<\/div>\n                                            <\/div>\n                <\/div>\n                                    <\/div>\n    <\/div>\n<div class=\"wp-block-kobu-custom-blocks-responsive-spacer responsive-spacer size-large\"><\/div><br>\n\n<div class=\"wp-block-kobu-custom-blocks-section-wrapper alignfull kobu-section has-background has-formlight-background-color\">\n<div class=\"wp-block-kobu-custom-blocks-responsive-spacer responsive-spacer size-large\"><\/div><br>\n\n\n\n<h2 class=\"wp-block-heading alignwide\"><span aria-hidden=\"true\">Certificaciones<\/span><\/h2>\n\n\n\n<div class=\"wp-block-columns alignwide are-vertically-aligned-top is-layout-flex wp-container-core-columns-is-layout-9d6595d7 wp-block-columns-is-layout-flex\">\n<div class=\"wp-block-column is-vertically-aligned-top is-layout-flow wp-block-column-is-layout-flow\">\n<p class=\"has-text-align-left\">Elegir a CarmoForm es confiar en una empresa certificada.<\/p>\n\n\n\n<p class=\"has-text-align-left\">Nos preocupamos por asegurar que la materia prima que utilizamos proviene de bosques gestionados de manera sostenible y seguimos las mejores pr\u00e1cticas del sector, as\u00ed como todas las normas y regulaciones aplicables.<\/p>\n<\/div>\n\n\n\n<div class=\"wp-block-column is-vertically-aligned-top is-layout-flow wp-block-column-is-layout-flow\"><noscript class=\"loading-lazy\">\n<figure class=\"wp-block-image aligncenter size-full\"><img loading=\"lazy\" decoding=\"async\" width=\"587\" height=\"146\" src=\"https:\/\/staging.carmowood.com\/files\/uploads\/2026\/01\/construcao-modular-16.png\" alt=\"\" class=\"wp-image-1292\" srcset=\"https:\/\/staging.carmowood.com\/files\/uploads\/2026\/01\/construcao-modular-16.png 587w, https:\/\/staging.carmowood.com\/files\/uploads\/2026\/01\/construcao-modular-16-300x75.png 300w\" sizes=\"auto, (max-width: 587px) 100vw, 587px\" \/><\/figure>\n<\/noscript><\/div>\n<\/div>\n\n\n\n<div class=\"wp-block-kobu-custom-blocks-responsive-spacer responsive-spacer size-large\"><\/div><br>\n<\/div>\n\n<div class=\"wp-block-kobu-custom-blocks-responsive-spacer responsive-spacer size-large\"><\/div><br>\n\n<h2 class=\"wp-block-heading alignwide\"><span aria-hidden=\"true\">Ver el resultado<\/span><\/h2>\n\n<p class=\"alignwide has-text-align-wide\">Nuestra experiencia en construcci\u00f3n de madera y construcci\u00f3n en CLT nos permite entregar resultados perfectos, con un tiempo de ejecuci\u00f3n altamente competitivo. Mira el resultado de algunos de nuestros proyectos.<\/p>\n\n<div class=\"wp-block-kobu-custom-blocks-responsive-spacer responsive-spacer size-medium\"><\/div><br>\n\n<div class=\"wp-block-columns alignwide are-vertically-aligned-top is-layout-flex wp-container-core-columns-is-layout-9d6595d7 wp-block-columns-is-layout-flex\">\n<div class=\"wp-block-column is-vertically-aligned-top is-layout-flow wp-block-column-is-layout-flow\"><noscript class=\"loading-lazy\">\n<figure class=\"wp-block-image size-large\"><img loading=\"lazy\" decoding=\"async\" width=\"320\" height=\"200\" src=\"https:\/\/staging.carmowood.com\/files\/uploads\/2026\/01\/construcao-modular-17.jpg\" alt=\"Carmo\" class=\"wp-image-1289\" srcset=\"https:\/\/staging.carmowood.com\/files\/uploads\/2026\/01\/construcao-modular-17.jpg 320w, https:\/\/staging.carmowood.com\/files\/uploads\/2026\/01\/construcao-modular-17-300x188.jpg 300w\" sizes=\"auto, (max-width: 320px) 100vw, 320px\" \/><\/figure>\n<\/noscript><\/div>\n\n\n\n<div class=\"wp-block-column is-vertically-aligned-top is-layout-flow wp-block-column-is-layout-flow\"><noscript class=\"loading-lazy\">\n<figure class=\"wp-block-image size-large\"><img loading=\"lazy\" decoding=\"async\" width=\"321\" height=\"200\" src=\"https:\/\/staging.carmowood.com\/files\/uploads\/2026\/01\/construcao-modular-18.jpg\" alt=\"Carmo\" class=\"wp-image-1220\" srcset=\"https:\/\/staging.carmowood.com\/files\/uploads\/2026\/01\/construcao-modular-18.jpg 321w, https:\/\/staging.carmowood.com\/files\/uploads\/2026\/01\/construcao-modular-18-300x187.jpg 300w\" sizes=\"auto, (max-width: 321px) 100vw, 321px\" \/><\/figure>\n<\/noscript><\/div>\n<\/div>\n\n<div class=\"wp-block-kobu-custom-blocks-responsive-spacer responsive-spacer size-large\"><\/div><br>\n\n<h2 class=\"wp-block-heading alignwide\"><span aria-hidden=\"true\">Explora las \u00e1reas de negocio de CarmoForm<\/span><\/h2>\n\n<div style=\"height:30px\" aria-hidden=\"true\" class=\"wp-block-spacer\"><\/div>\n    <div class=\"pages-list-block alignwide\">\n        <div class=\"pages three_columns\">\n                            <div class=\"page\">\n                    <a href=\"https:\/\/staging.carmowood.com\/es\/carmoform\/soluciones\/grandes-obras\/\">\n                        <img loading=\"lazy\" decoding=\"async\" width=\"640\" height=\"360\" src=\"https:\/\/staging.carmowood.com\/files\/uploads\/2026\/01\/edificio-estrutura-madeira-clt-glulam-carmoform-lisboa-768x432.png\" class=\"coverimg\" alt=\"\" sizes=\"auto, (min-width: 601px) 50vw, 100vw\" srcset=\"https:\/\/staging.carmowood.com\/files\/uploads\/2026\/01\/edificio-estrutura-madeira-clt-glulam-carmoform-lisboa-768x432.png 768w, https:\/\/staging.carmowood.com\/files\/uploads\/2026\/01\/edificio-estrutura-madeira-clt-glulam-carmoform-lisboa-300x169.png 300w, https:\/\/staging.carmowood.com\/files\/uploads\/2026\/01\/edificio-estrutura-madeira-clt-glulam-carmoform-lisboa-1024x576.png 1024w, https:\/\/staging.carmowood.com\/files\/uploads\/2026\/01\/edificio-estrutura-madeira-clt-glulam-carmoform-lisboa.png 1193w\" \/>                        <div class=\"title-wrapper\">\n                            <h3>Grandes Obras<\/h3>\n                        <\/div>\n                    <\/a>\n                <\/div>\n                            <div class=\"page\">\n                    <a href=\"https:\/\/staging.carmowood.com\/es\/carmoform\/soluciones\/mobiliario-y-equipamiento-de-exterior\/\">\n                        <img loading=\"lazy\" decoding=\"async\" width=\"640\" height=\"307\" src=\"https:\/\/staging.carmowood.com\/files\/uploads\/2026\/01\/lazer-e-mobiliario-01-768x368.jpg\" class=\"coverimg\" alt=\"\" sizes=\"auto, (min-width: 601px) 50vw, 100vw\" srcset=\"https:\/\/staging.carmowood.com\/files\/uploads\/2026\/01\/lazer-e-mobiliario-01-768x368.jpg 768w, https:\/\/staging.carmowood.com\/files\/uploads\/2026\/01\/lazer-e-mobiliario-01-300x144.jpg 300w, https:\/\/staging.carmowood.com\/files\/uploads\/2026\/01\/lazer-e-mobiliario-01-1024x491.jpg 1024w, https:\/\/staging.carmowood.com\/files\/uploads\/2026\/01\/lazer-e-mobiliario-01-1536x736.jpg 1536w, https:\/\/staging.carmowood.com\/files\/uploads\/2026\/01\/lazer-e-mobiliario-01-2048x981.jpg 2048w\" \/>                        <div class=\"title-wrapper\">\n                            <h3>Mobiliario y Equipamiento de Exterior<\/h3>\n                        <\/div>\n                    <\/a>\n                <\/div>\n                            <div class=\"page\">\n                    <a href=\"https:\/\/staging.carmowood.com\/es\/carmoform\/soluciones\/apoyos-de-playa-y-pasarelas\/\">\n                        <img loading=\"lazy\" decoding=\"async\" width=\"640\" height=\"480\" src=\"https:\/\/staging.carmowood.com\/files\/uploads\/2026\/02\/Passadico-do-Paiva-768x576.webp\" class=\"coverimg\" alt=\"\" sizes=\"auto, (min-width: 601px) 50vw, 100vw\" srcset=\"https:\/\/staging.carmowood.com\/files\/uploads\/2026\/02\/Passadico-do-Paiva-768x576.webp 768w, https:\/\/staging.carmowood.com\/files\/uploads\/2026\/02\/Passadico-do-Paiva-300x225.webp 300w, https:\/\/staging.carmowood.com\/files\/uploads\/2026\/02\/Passadico-do-Paiva-1024x767.webp 1024w, https:\/\/staging.carmowood.com\/files\/uploads\/2026\/02\/Passadico-do-Paiva.webp 1441w\" \/>                        <div class=\"title-wrapper\">\n                            <h3>Apoyos de Playa y Pasarelas<\/h3>\n                        <\/div>\n                    <\/a>\n                <\/div>\n                            <div class=\"page\">\n                    <a href=\"https:\/\/staging.carmowood.com\/es\/carmoform\/soluciones\/maderas\/\">\n                        <img loading=\"lazy\" decoding=\"async\" width=\"640\" height=\"343\" src=\"https:\/\/staging.carmowood.com\/files\/uploads\/2026\/01\/madeiras-tratadas-e-derivados-01-768x411.jpg\" class=\"coverimg\" alt=\"\" sizes=\"auto, (min-width: 601px) 50vw, 100vw\" srcset=\"https:\/\/staging.carmowood.com\/files\/uploads\/2026\/01\/madeiras-tratadas-e-derivados-01-768x411.jpg 768w, https:\/\/staging.carmowood.com\/files\/uploads\/2026\/01\/madeiras-tratadas-e-derivados-01-300x161.jpg 300w, https:\/\/staging.carmowood.com\/files\/uploads\/2026\/01\/madeiras-tratadas-e-derivados-01-1024x548.jpg 1024w, https:\/\/staging.carmowood.com\/files\/uploads\/2026\/01\/madeiras-tratadas-e-derivados-01-1536x822.jpg 1536w, https:\/\/staging.carmowood.com\/files\/uploads\/2026\/01\/madeiras-tratadas-e-derivados-01-2048x1097.jpg 2048w\" \/>                        <div class=\"title-wrapper\">\n                            <h3>Maderas<\/h3>\n                        <\/div>\n                    <\/a>\n                <\/div>\n                    <\/div>\n    <\/div>\n    ","protected":false},"excerpt":{"rendered":"<p>Descubre por qu\u00e9 elegir Carmo Wood para tu casa modular Velocidad de construcci\u00f3n (hasta 6 meses) Crecer con la familia, por m\u00f3dulos Presupuesto sin desviaciones [&hellip;]<\/p>\n","protected":false},"author":1,"featured_media":4056,"parent":10386,"menu_order":2,"comment_status":"closed","ping_status":"closed","template":"","meta":{"_acf_changed":false,"inline_featured_image":false,"footnotes":""},"class_list":["post-9285","page","type-page","status-publish","has-post-thumbnail","hentry"],"acf":[],"_links":{"self":[{"href":"https:\/\/staging.carmowood.com\/es\/wp-json\/wp\/v2\/pages\/9285","targetHints":{"allow":["GET"]}}],"collection":[{"href":"https:\/\/staging.carmowood.com\/es\/wp-json\/wp\/v2\/pages"}],"about":[{"href":"https:\/\/staging.carmowood.com\/es\/wp-json\/wp\/v2\/types\/page"}],"author":[{"embeddable":true,"href":"https:\/\/staging.carmowood.com\/es\/wp-json\/wp\/v2\/users\/1"}],"replies":[{"embeddable":true,"href":"https:\/\/staging.carmowood.com\/es\/wp-json\/wp\/v2\/comments?post=9285"}],"version-history":[{"count":3,"href":"https:\/\/staging.carmowood.com\/es\/wp-json\/wp\/v2\/pages\/9285\/revisions"}],"predecessor-version":[{"id":9346,"href":"https:\/\/staging.carmowood.com\/es\/wp-json\/wp\/v2\/pages\/9285\/revisions\/9346"}],"up":[{"embeddable":true,"href":"https:\/\/staging.carmowood.com\/es\/wp-json\/wp\/v2\/pages\/10386"}],"wp:featuredmedia":[{"embeddable":true,"href":"https:\/\/staging.carmowood.com\/es\/wp-json\/wp\/v2\/media\/4056"}],"wp:attachment":[{"href":"https:\/\/staging.carmowood.com\/es\/wp-json\/wp\/v2\/media?parent=9285"}],"curies":[{"name":"wp","href":"https:\/\/api.w.org\/{rel}","templated":true}]}}