{"id":10375,"date":"2025-12-10T15:26:37","date_gmt":"2025-12-10T15:26:37","guid":{"rendered":"https:\/\/staging.carmowood.com\/carmofarm\/explotacion-forestal-y-sostenibilidad\/"},"modified":"2026-02-26T11:42:05","modified_gmt":"2026-02-26T11:42:05","slug":"explotacion-forestal-y-sostenibilidad","status":"publish","type":"page","link":"https:\/\/staging.carmowood.com\/es\/carmofarm\/explotacion-forestal-y-sostenibilidad\/","title":{"rendered":"Explotaci\u00f3n Forestal y Sostenibilidad"},"content":{"rendered":"\n<div class=\"wp-block-kobu-custom-blocks-section-wrapper alignfull kobu-section has-text-color has-background-color has-background has-brown-background-color  wood-parallax parallax-04 has-link-color wp-elements-00924164302dfb5d1b09f61429dd6f51\">\n<div class=\"wp-block-kobu-custom-blocks-responsive-spacer responsive-spacer size-medium\"><\/div><br>\n\n\n\n<p class=\"has-text-align-center has-playfair-display-font-family has-extra-large-font-size\">\u201c\u00a0Un bosque, un \u00e1rbol, una estructura\u00a0\u201d<\/p>\n\n\n\n<div class=\"wp-block-kobu-custom-blocks-responsive-spacer responsive-spacer size-large\"><\/div><br>\n<\/div>\n<noscript class=\"loading-lazy\">\n<figure class=\"wp-block-image alignfull size-full\"><img loading=\"lazy\" decoding=\"async\" width=\"1280\" height=\"847\" src=\"https:\/\/staging.carmowood.com\/files\/uploads\/2026\/02\/DSC_0042.webp\" alt=\"\" class=\"wp-image-7706\" srcset=\"https:\/\/staging.carmowood.com\/files\/uploads\/2026\/02\/DSC_0042.webp 1280w, https:\/\/staging.carmowood.com\/files\/uploads\/2026\/02\/DSC_0042-300x199.webp 300w, https:\/\/staging.carmowood.com\/files\/uploads\/2026\/02\/DSC_0042-1024x678.webp 1024w, https:\/\/staging.carmowood.com\/files\/uploads\/2026\/02\/DSC_0042-768x508.webp 768w\" sizes=\"auto, (max-width: 1280px) 100vw, 1280px\" \/><\/figure>\n<\/noscript>\n<div class=\"wp-block-kobu-custom-blocks-responsive-spacer responsive-spacer size-medium\"><\/div><br>\n\n<div class=\"wp-block-columns alignmedium is-layout-flex wp-container-core-columns-is-layout-9d6595d7 wp-block-columns-is-layout-flex\">\n<div class=\"wp-block-column is-layout-flow wp-block-column-is-layout-flow\">\n<p>Ya sea en las primeras caba\u00f1as construidas por civilizaciones antiguas o en las complejas y modernas estructuras de ingenier\u00eda en madera, este material de construcci\u00f3n ha perdurado en el tiempo.<\/p>\n\n\n\n<p>Algunas estructuras antiguas de madera, que se conservan hasta hoy, demuestran su durabilidad y resistencia a lo largo de los siglos.<\/p>\n<\/div>\n\n\n\n<div class=\"wp-block-column is-layout-flow wp-block-column-is-layout-flow\">\n<p>Es una materia prima que nos conecta directamente con la naturaleza.<\/p>\n\n\n\n<p>Esta conexi\u00f3n intr\u00ednseca con el entorno natural es una de las razones por las que la madera sigue siendo tan apreciada en el dise\u00f1o contempor\u00e1neo, ya que proporciona una sensaci\u00f3n de calma y cercan\u00eda a la naturaleza, incluso en entornos urbanos.<\/p>\n<\/div>\n\n\n\n<div class=\"wp-block-column is-layout-flow wp-block-column-is-layout-flow\">\n<p>Adem\u00e1s, en un mundo cada vez m\u00e1s preocupado por la sostenibilidad y el impacto medioambiental, la madera destaca sobre el resto de soluciones.<\/p>\n<\/div>\n<\/div>\n\n<div class=\"wp-block-kobu-custom-blocks-responsive-spacer responsive-spacer size-large\"><\/div><br>\n\n<h2 class=\"wp-block-heading alignwide\"><strong><strong>La Madera<\/strong><\/strong><\/h2>\n\n<div class=\"wp-block-kobu-custom-blocks-inner-content-img media-content-group child-item align-right valign-start img-first alignextrawide\"><div class=\"media-col\"><figure><img loading=\"lazy\" decoding=\"async\" width=\"1920\" height=\"1280\" class=\"wp-image-7792\" src=\"https:\/\/staging.carmowood.com\/files\/uploads\/2026\/02\/DSCF0933.webp\" alt=\"\" title=\"DSCF0933\" sizes=\"auto, (min-width: 1201px) 35vw, (min-width: 601px) 50vw, 100vw\" srcset=\"https:\/\/staging.carmowood.com\/files\/uploads\/2026\/02\/DSCF0933.webp 1920w, https:\/\/staging.carmowood.com\/files\/uploads\/2026\/02\/DSCF0933-300x200.webp 300w, https:\/\/staging.carmowood.com\/files\/uploads\/2026\/02\/DSCF0933-1024x683.webp 1024w, https:\/\/staging.carmowood.com\/files\/uploads\/2026\/02\/DSCF0933-768x512.webp 768w, https:\/\/staging.carmowood.com\/files\/uploads\/2026\/02\/DSCF0933-1536x1024.webp 1536w\" \/><\/figure><\/div><div class=\"content-col\"><div class=\"content-col-wrapper\">\n<p>La madera es m\u00e1s que un simple material de construcci\u00f3n.<\/p>\n\n\n\n<p>Es un puente entre el pasado y el futuro, entre la naturaleza y el hombre, entre la tradici\u00f3n y la innovaci\u00f3n.<\/p>\n\n\n\n<p>Al elegir la madera para sus proyectos, no solo est\u00e1 optando por un material, sino tambi\u00e9n por un legado de valor, sostenibilidad y belleza.<\/p>\n<\/div><\/div><\/div>\n","protected":false},"excerpt":{"rendered":"<p>Ya sea en las primeras caba\u00f1as construidas por civilizaciones antiguas o en las complejas y modernas estructuras de ingenier\u00eda en madera, este material de construcci\u00f3n [&hellip;]<\/p>\n","protected":false},"author":1,"featured_media":7791,"parent":10056,"menu_order":1002,"comment_status":"closed","ping_status":"closed","template":"templates\/centered_title.php","meta":{"_acf_changed":false,"inline_featured_image":false,"footnotes":""},"class_list":["post-10375","page","type-page","status-publish","has-post-thumbnail","hentry"],"acf":[],"_links":{"self":[{"href":"https:\/\/staging.carmowood.com\/es\/wp-json\/wp\/v2\/pages\/10375","targetHints":{"allow":["GET"]}}],"collection":[{"href":"https:\/\/staging.carmowood.com\/es\/wp-json\/wp\/v2\/pages"}],"about":[{"href":"https:\/\/staging.carmowood.com\/es\/wp-json\/wp\/v2\/types\/page"}],"author":[{"embeddable":true,"href":"https:\/\/staging.carmowood.com\/es\/wp-json\/wp\/v2\/users\/1"}],"replies":[{"embeddable":true,"href":"https:\/\/staging.carmowood.com\/es\/wp-json\/wp\/v2\/comments?post=10375"}],"version-history":[{"count":1,"href":"https:\/\/staging.carmowood.com\/es\/wp-json\/wp\/v2\/pages\/10375\/revisions"}],"predecessor-version":[{"id":10376,"href":"https:\/\/staging.carmowood.com\/es\/wp-json\/wp\/v2\/pages\/10375\/revisions\/10376"}],"up":[{"embeddable":true,"href":"https:\/\/staging.carmowood.com\/es\/wp-json\/wp\/v2\/pages\/10056"}],"wp:featuredmedia":[{"embeddable":true,"href":"https:\/\/staging.carmowood.com\/es\/wp-json\/wp\/v2\/media\/7791"}],"wp:attachment":[{"href":"https:\/\/staging.carmowood.com\/es\/wp-json\/wp\/v2\/media?parent=10375"}],"curies":[{"name":"wp","href":"https:\/\/api.w.org\/{rel}","templated":true}]}}