{"id":10366,"date":"2026-01-28T17:40:12","date_gmt":"2026-01-28T17:40:12","guid":{"rendered":"https:\/\/staging.carmowood.com\/apoyos-de-playa-y-pasarelas\/"},"modified":"2026-02-24T16:01:30","modified_gmt":"2026-02-24T16:01:30","slug":"apoyos-de-playa-y-pasarelas","status":"publish","type":"page","link":"https:\/\/staging.carmowood.com\/es\/carmoform\/soluciones\/apoyos-de-playa-y-pasarelas\/","title":{"rendered":"Apoyos de Playa y Pasarelas"},"content":{"rendered":"<noscript class=\"loading-lazy\">\n<figure class=\"wp-block-image alignfull size-large\"><img loading=\"lazy\" decoding=\"async\" width=\"1024\" height=\"682\" src=\"https:\/\/staging.carmowood.com\/files\/uploads\/2026\/02\/apoio-de-piscina-e-passadicos-verdelago-algarve-1024x682.jpeg\" alt=\"Pasarelas de madera y estructuras de apoyo a la piscina integradas en el paisaje natural del Verdelago Resort, Algarve, junto a la costa.\" class=\"wp-image-6871\" srcset=\"https:\/\/staging.carmowood.com\/files\/uploads\/2026\/02\/apoio-de-piscina-e-passadicos-verdelago-algarve-1024x682.jpeg 1024w, https:\/\/staging.carmowood.com\/files\/uploads\/2026\/02\/apoio-de-piscina-e-passadicos-verdelago-algarve-300x200.jpeg 300w, https:\/\/staging.carmowood.com\/files\/uploads\/2026\/02\/apoio-de-piscina-e-passadicos-verdelago-algarve-768x511.jpeg 768w, https:\/\/staging.carmowood.com\/files\/uploads\/2026\/02\/apoio-de-piscina-e-passadicos-verdelago-algarve-1536x1022.jpeg 1536w, https:\/\/staging.carmowood.com\/files\/uploads\/2026\/02\/apoio-de-piscina-e-passadicos-verdelago-algarve.jpeg 1920w\" sizes=\"auto, (max-width: 1024px) 100vw, 1024px\" \/><\/figure>\n<\/noscript>\n<div class=\"wp-block-kobu-custom-blocks-responsive-spacer responsive-spacer size-large\"><\/div><br>\n\n<h2 class=\"wp-block-heading alignwide\"><strong><strong><strong>Apoyos de Playa y Pasarelas en Madera<\/strong><\/strong><\/strong><\/h2>\n\n<div class=\"wp-block-kobu-custom-blocks-inner-content-img media-content-group child-item align-right valign-start img-first alignextrawide\"><div class=\"media-col\"><figure><img loading=\"lazy\" decoding=\"async\" width=\"1620\" height=\"1080\" class=\"wp-image-6883\" src=\"https:\/\/staging.carmowood.com\/files\/uploads\/2026\/02\/Paraiso10.webp\" alt=\"\" title=\"Paraiso10\" sizes=\"auto, (min-width: 1201px) 35vw, (min-width: 601px) 50vw, 100vw\" srcset=\"https:\/\/staging.carmowood.com\/files\/uploads\/2026\/02\/Paraiso10.webp 1620w, https:\/\/staging.carmowood.com\/files\/uploads\/2026\/02\/Paraiso10-300x200.webp 300w, https:\/\/staging.carmowood.com\/files\/uploads\/2026\/02\/Paraiso10-1024x683.webp 1024w, https:\/\/staging.carmowood.com\/files\/uploads\/2026\/02\/Paraiso10-768x512.webp 768w, https:\/\/staging.carmowood.com\/files\/uploads\/2026\/02\/Paraiso10-1536x1024.webp 1536w\" \/><\/figure><\/div><div class=\"content-col\"><div class=\"content-col-wrapper\">\n<p>CarmoForm es tambi\u00e9n una referencia nacional en el dise\u00f1o y construcci\u00f3n de apoyos de playa y edificios costeros en madera, desarrollados para responder a contextos de alta exposici\u00f3n al ambiente marino.<\/p>\n\n\n\n<p>Estos proyectos requieren soluciones t\u00e9cnicas espec\u00edficas en t\u00e9rminos de durabilidad, resistencia a la salinidad, al viento, a la radiaci\u00f3n solar y al uso intensivo, as\u00ed como una fuerte sensibilidad arquitect\u00f3nica y paisaj\u00edstica.<\/p>\n\n\n\n<p>La empresa es responsable de algunos de los bares y restaurantes de playa m\u00e1s reconocidos de Portugal, como Sul en la playa de Torreira, el Restaurante de la Playa del Carvalhal, Sal en Comporta, NoSolo\u00c1gua en la playa del Alem\u00e3o, Gigi, as\u00ed como proyectos recientes como JNcQuoi en Comporta o Cabana Sass. Estos apoyos de playa combinan identidad arquitect\u00f3nica, funcionalidad y confort, integr\u00e1ndose de forma natural en el territorio y cumpliendo los requisitos normativos y ambientales aplicables.<\/p>\n\n\n\n<p>La experiencia acumulada permite a CarmoForm desarrollar soluciones adaptadas a distintos modelos de explotaci\u00f3n, desde estructuras estacionales hasta edificios de uso permanente, garantizando calidad constructiva, fiabilidad y facilidad de mantenimiento a lo largo del tiempo.<\/p>\n<\/div><\/div><\/div>\n\n<div class=\"wp-block-kobu-custom-blocks-responsive-spacer responsive-spacer size-large\"><\/div><br>\n\n<h2 class=\"wp-block-heading alignwide\"><strong><strong><strong><strong>Pasarelas en madera de referencia<\/strong><\/strong><\/strong><\/strong><\/h2>\n\n<div class=\"wp-block-kobu-custom-blocks-inner-content-img media-content-group child-item align-left valign-start img-first alignextrawide\"><div class=\"media-col\"><figure><img loading=\"lazy\" decoding=\"async\" width=\"1441\" height=\"1080\" class=\"wp-image-6879\" src=\"https:\/\/staging.carmowood.com\/files\/uploads\/2026\/02\/Passadico-do-Paiva.webp\" alt=\"\" title=\"Passadic\u0327o do Paiva\" sizes=\"auto, (min-width: 1201px) 35vw, (min-width: 601px) 50vw, 100vw\" srcset=\"https:\/\/staging.carmowood.com\/files\/uploads\/2026\/02\/Passadico-do-Paiva.webp 1441w, https:\/\/staging.carmowood.com\/files\/uploads\/2026\/02\/Passadico-do-Paiva-300x225.webp 300w, https:\/\/staging.carmowood.com\/files\/uploads\/2026\/02\/Passadico-do-Paiva-1024x767.webp 1024w, https:\/\/staging.carmowood.com\/files\/uploads\/2026\/02\/Passadico-do-Paiva-768x576.webp 768w\" \/><\/figure><\/div><div class=\"content-col\"><div class=\"content-col-wrapper\">\n<p>CarmoForm es la principal referencia en Portugal en el dise\u00f1o y construcci\u00f3n de pasarelas en madera, con un portafolio \u00fanico de obras de gran escala ejecutadas en contextos naturales, fluviales, costeros y urbanos.<\/p>\n\n\n\n<p>La experiencia acumulada en proyectos de alta complejidad t\u00e9cnica, como las Pasarelas del Paiva, las Pasarelas del Mondego, las pasarelas asociadas a las Jornadas Mundiales de la Juventud o las Pasarelas de Vieira de Leiria, demuestra la capacidad de CarmoForm para intervenir en territorios sensibles, conciliando seguridad, durabilidad, confort de uso e integraci\u00f3n paisaj\u00edstica.<\/p>\n\n\n\n<p> El desarrollo de estos proyectos exige un profundo conocimiento del comportamiento de la madera en ambientes exigentes, de la gesti\u00f3n de grandes flujos peatonales, de las condicionantes ambientales y normativas y de las estrategias de mantenimiento a lo largo del ciclo de vida.<\/p>\n\n\n\n<p>CarmoForm acompa\u00f1a todo el proceso, desde la ingenier\u00eda y planificaci\u00f3n hasta la ejecuci\u00f3n en obra, garantizando soluciones robustas, eficientes y adaptadas a la especificidad de cada territorio.<\/p>\n<\/div><\/div><\/div>\n\n<div class=\"wp-block-kobu-custom-blocks-responsive-spacer responsive-spacer size-large\"><\/div><br>\n\n<div class=\"wp-block-kobu-custom-blocks-slider-gallery\"><div class=\"slider-gallery gallery-container hidden  \"><div class=\"gallery \" role=\"list\"><div class=\"slide\" role=\"listitem\"><div class=\"figure-wrapper\"><figure><img loading=\"lazy\" decoding=\"async\" width=\"1200\" height=\"800\" class=\"wp-image-6889\" src=\"https:\/\/staging.carmowood.com\/files\/uploads\/2026\/02\/PraiaFluvialCongida.webp\" alt=\"\" sizes=\"auto, (min-width: 601px) 80vw, 100vw\" srcset=\"https:\/\/staging.carmowood.com\/files\/uploads\/2026\/02\/PraiaFluvialCongida.webp 1200w, https:\/\/staging.carmowood.com\/files\/uploads\/2026\/02\/PraiaFluvialCongida-300x200.webp 300w, https:\/\/staging.carmowood.com\/files\/uploads\/2026\/02\/PraiaFluvialCongida-1024x683.webp 1024w, https:\/\/staging.carmowood.com\/files\/uploads\/2026\/02\/PraiaFluvialCongida-768x512.webp 768w\" \/><\/figure><\/div><\/div><div class=\"slide\" role=\"listitem\"><div class=\"figure-wrapper\"><figure><img loading=\"lazy\" decoding=\"async\" width=\"896\" height=\"473\" class=\"wp-image-6893\" src=\"https:\/\/staging.carmowood.com\/files\/uploads\/2026\/02\/Pestana-Alvor-South-Beach6.webp\" alt=\"\" sizes=\"auto, (min-width: 601px) 80vw, 100vw\" srcset=\"https:\/\/staging.carmowood.com\/files\/uploads\/2026\/02\/Pestana-Alvor-South-Beach6.webp 896w, https:\/\/staging.carmowood.com\/files\/uploads\/2026\/02\/Pestana-Alvor-South-Beach6-300x158.webp 300w, https:\/\/staging.carmowood.com\/files\/uploads\/2026\/02\/Pestana-Alvor-South-Beach6-768x405.webp 768w\" \/><\/figure><\/div><\/div><div class=\"slide\" role=\"listitem\"><div class=\"figure-wrapper\"><figure><img loading=\"lazy\" decoding=\"async\" width=\"1440\" height=\"1080\" class=\"wp-image-6897\" src=\"https:\/\/staging.carmowood.com\/files\/uploads\/2026\/02\/Pestana-Alvor-South-Beach7.webp\" alt=\"\" sizes=\"auto, (min-width: 601px) 80vw, 100vw\" srcset=\"https:\/\/staging.carmowood.com\/files\/uploads\/2026\/02\/Pestana-Alvor-South-Beach7.webp 1440w, https:\/\/staging.carmowood.com\/files\/uploads\/2026\/02\/Pestana-Alvor-South-Beach7-300x225.webp 300w, https:\/\/staging.carmowood.com\/files\/uploads\/2026\/02\/Pestana-Alvor-South-Beach7-1024x768.webp 1024w, https:\/\/staging.carmowood.com\/files\/uploads\/2026\/02\/Pestana-Alvor-South-Beach7-768x576.webp 768w\" \/><\/figure><\/div><\/div><div class=\"slide\" role=\"listitem\"><div class=\"figure-wrapper\"><figure><img loading=\"lazy\" decoding=\"async\" width=\"1620\" height=\"1080\" class=\"wp-image-6901\" src=\"https:\/\/staging.carmowood.com\/files\/uploads\/2026\/02\/Pestana-Alvor-South-Beach9.webp\" alt=\"\" sizes=\"auto, (min-width: 601px) 80vw, 100vw\" srcset=\"https:\/\/staging.carmowood.com\/files\/uploads\/2026\/02\/Pestana-Alvor-South-Beach9.webp 1620w, https:\/\/staging.carmowood.com\/files\/uploads\/2026\/02\/Pestana-Alvor-South-Beach9-300x200.webp 300w, https:\/\/staging.carmowood.com\/files\/uploads\/2026\/02\/Pestana-Alvor-South-Beach9-1024x683.webp 1024w, https:\/\/staging.carmowood.com\/files\/uploads\/2026\/02\/Pestana-Alvor-South-Beach9-768x512.webp 768w, https:\/\/staging.carmowood.com\/files\/uploads\/2026\/02\/Pestana-Alvor-South-Beach9-1536x1024.webp 1536w\" \/><\/figure><\/div><\/div><div class=\"slide\" role=\"listitem\"><div class=\"figure-wrapper\"><figure><img loading=\"lazy\" decoding=\"async\" width=\"1536\" height=\"1024\" class=\"wp-image-6905\" src=\"https:\/\/staging.carmowood.com\/files\/uploads\/2026\/02\/Nosoloagua_main.webp\" alt=\"\" sizes=\"auto, (min-width: 601px) 80vw, 100vw\" srcset=\"https:\/\/staging.carmowood.com\/files\/uploads\/2026\/02\/Nosoloagua_main.webp 1536w, https:\/\/staging.carmowood.com\/files\/uploads\/2026\/02\/Nosoloagua_main-300x200.webp 300w, https:\/\/staging.carmowood.com\/files\/uploads\/2026\/02\/Nosoloagua_main-1024x683.webp 1024w, https:\/\/staging.carmowood.com\/files\/uploads\/2026\/02\/Nosoloagua_main-768x512.webp 768w\" \/><\/figure><\/div><\/div><div class=\"slide\" role=\"listitem\"><div class=\"figure-wrapper\"><figure><img loading=\"lazy\" decoding=\"async\" width=\"1621\" height=\"1080\" class=\"wp-image-6909\" src=\"https:\/\/staging.carmowood.com\/files\/uploads\/2026\/02\/surf_school_guincho2.webp\" alt=\"\" sizes=\"auto, (min-width: 601px) 80vw, 100vw\" srcset=\"https:\/\/staging.carmowood.com\/files\/uploads\/2026\/02\/surf_school_guincho2.webp 1621w, https:\/\/staging.carmowood.com\/files\/uploads\/2026\/02\/surf_school_guincho2-300x200.webp 300w, https:\/\/staging.carmowood.com\/files\/uploads\/2026\/02\/surf_school_guincho2-1024x682.webp 1024w, https:\/\/staging.carmowood.com\/files\/uploads\/2026\/02\/surf_school_guincho2-768x512.webp 768w, https:\/\/staging.carmowood.com\/files\/uploads\/2026\/02\/surf_school_guincho2-1536x1023.webp 1536w\" \/><\/figure><\/div><\/div><div class=\"slide\" role=\"listitem\"><div class=\"figure-wrapper\"><figure><img loading=\"lazy\" decoding=\"async\" width=\"1920\" height=\"1080\" class=\"wp-image-6913\" src=\"https:\/\/staging.carmowood.com\/files\/uploads\/2026\/02\/PraiaFluvialCongida2.webp\" alt=\"\" sizes=\"auto, (min-width: 601px) 80vw, 100vw\" srcset=\"https:\/\/staging.carmowood.com\/files\/uploads\/2026\/02\/PraiaFluvialCongida2.webp 1920w, https:\/\/staging.carmowood.com\/files\/uploads\/2026\/02\/PraiaFluvialCongida2-300x169.webp 300w, https:\/\/staging.carmowood.com\/files\/uploads\/2026\/02\/PraiaFluvialCongida2-1024x576.webp 1024w, https:\/\/staging.carmowood.com\/files\/uploads\/2026\/02\/PraiaFluvialCongida2-768x432.webp 768w, https:\/\/staging.carmowood.com\/files\/uploads\/2026\/02\/PraiaFluvialCongida2-1536x864.webp 1536w\" \/><\/figure><\/div><\/div><div class=\"slide\" role=\"listitem\"><div class=\"figure-wrapper\"><figure><img loading=\"lazy\" decoding=\"async\" width=\"1441\" height=\"1080\" class=\"wp-image-6917\" src=\"https:\/\/staging.carmowood.com\/files\/uploads\/2026\/02\/Passadico-do-Paiva-1.webp\" alt=\"\" sizes=\"auto, (min-width: 601px) 80vw, 100vw\" srcset=\"https:\/\/staging.carmowood.com\/files\/uploads\/2026\/02\/Passadico-do-Paiva-1.webp 1441w, https:\/\/staging.carmowood.com\/files\/uploads\/2026\/02\/Passadico-do-Paiva-1-300x225.webp 300w, https:\/\/staging.carmowood.com\/files\/uploads\/2026\/02\/Passadico-do-Paiva-1-1024x767.webp 1024w, https:\/\/staging.carmowood.com\/files\/uploads\/2026\/02\/Passadico-do-Paiva-1-768x576.webp 768w\" \/><\/figure><\/div><\/div><div class=\"slide\" role=\"listitem\"><div class=\"figure-wrapper\"><figure><img loading=\"lazy\" decoding=\"async\" width=\"1620\" height=\"1080\" class=\"wp-image-6921\" src=\"https:\/\/staging.carmowood.com\/files\/uploads\/2026\/02\/Paraiso.webp\" alt=\"\" sizes=\"auto, (min-width: 601px) 80vw, 100vw\" srcset=\"https:\/\/staging.carmowood.com\/files\/uploads\/2026\/02\/Paraiso.webp 1620w, https:\/\/staging.carmowood.com\/files\/uploads\/2026\/02\/Paraiso-300x200.webp 300w, https:\/\/staging.carmowood.com\/files\/uploads\/2026\/02\/Paraiso-1024x683.webp 1024w, https:\/\/staging.carmowood.com\/files\/uploads\/2026\/02\/Paraiso-768x512.webp 768w, https:\/\/staging.carmowood.com\/files\/uploads\/2026\/02\/Paraiso-1536x1024.webp 1536w\" \/><\/figure><\/div><\/div><div class=\"slide\" role=\"listitem\"><div class=\"figure-wrapper\"><figure><img loading=\"lazy\" decoding=\"async\" width=\"1620\" height=\"1080\" class=\"wp-image-6925\" src=\"https:\/\/staging.carmowood.com\/files\/uploads\/2026\/02\/Paraiso3.webp\" alt=\"\" sizes=\"auto, (min-width: 601px) 80vw, 100vw\" srcset=\"https:\/\/staging.carmowood.com\/files\/uploads\/2026\/02\/Paraiso3.webp 1620w, https:\/\/staging.carmowood.com\/files\/uploads\/2026\/02\/Paraiso3-300x200.webp 300w, https:\/\/staging.carmowood.com\/files\/uploads\/2026\/02\/Paraiso3-1024x683.webp 1024w, https:\/\/staging.carmowood.com\/files\/uploads\/2026\/02\/Paraiso3-768x512.webp 768w, https:\/\/staging.carmowood.com\/files\/uploads\/2026\/02\/Paraiso3-1536x1024.webp 1536w\" \/><\/figure><\/div><\/div><div class=\"slide\" role=\"listitem\"><div class=\"figure-wrapper\"><figure><img loading=\"lazy\" decoding=\"async\" width=\"1620\" height=\"1080\" class=\"wp-image-6929\" src=\"https:\/\/staging.carmowood.com\/files\/uploads\/2026\/02\/Paraiso4.webp\" alt=\"\" sizes=\"auto, (min-width: 601px) 80vw, 100vw\" srcset=\"https:\/\/staging.carmowood.com\/files\/uploads\/2026\/02\/Paraiso4.webp 1620w, https:\/\/staging.carmowood.com\/files\/uploads\/2026\/02\/Paraiso4-300x200.webp 300w, https:\/\/staging.carmowood.com\/files\/uploads\/2026\/02\/Paraiso4-1024x683.webp 1024w, https:\/\/staging.carmowood.com\/files\/uploads\/2026\/02\/Paraiso4-768x512.webp 768w, https:\/\/staging.carmowood.com\/files\/uploads\/2026\/02\/Paraiso4-1536x1024.webp 1536w\" \/><\/figure><\/div><\/div><\/div><\/div><\/div><br>\n","protected":false},"excerpt":{"rendered":"<p>Apoyos de Playa y Pasarelas en Madera Pasarelas en madera de referencia<\/p>\n","protected":false},"author":1,"featured_media":6882,"parent":10386,"menu_order":4,"comment_status":"closed","ping_status":"closed","template":"","meta":{"_acf_changed":false,"inline_featured_image":false,"footnotes":""},"class_list":["post-10366","page","type-page","status-publish","has-post-thumbnail","hentry"],"acf":[],"_links":{"self":[{"href":"https:\/\/staging.carmowood.com\/es\/wp-json\/wp\/v2\/pages\/10366","targetHints":{"allow":["GET"]}}],"collection":[{"href":"https:\/\/staging.carmowood.com\/es\/wp-json\/wp\/v2\/pages"}],"about":[{"href":"https:\/\/staging.carmowood.com\/es\/wp-json\/wp\/v2\/types\/page"}],"author":[{"embeddable":true,"href":"https:\/\/staging.carmowood.com\/es\/wp-json\/wp\/v2\/users\/1"}],"replies":[{"embeddable":true,"href":"https:\/\/staging.carmowood.com\/es\/wp-json\/wp\/v2\/comments?post=10366"}],"version-history":[{"count":1,"href":"https:\/\/staging.carmowood.com\/es\/wp-json\/wp\/v2\/pages\/10366\/revisions"}],"predecessor-version":[{"id":10367,"href":"https:\/\/staging.carmowood.com\/es\/wp-json\/wp\/v2\/pages\/10366\/revisions\/10367"}],"up":[{"embeddable":true,"href":"https:\/\/staging.carmowood.com\/es\/wp-json\/wp\/v2\/pages\/10386"}],"wp:featuredmedia":[{"embeddable":true,"href":"https:\/\/staging.carmowood.com\/es\/wp-json\/wp\/v2\/media\/6882"}],"wp:attachment":[{"href":"https:\/\/staging.carmowood.com\/es\/wp-json\/wp\/v2\/media?parent=10366"}],"curies":[{"name":"wp","href":"https:\/\/api.w.org\/{rel}","templated":true}]}}